{"id":440,"date":"2016-08-25T14:27:49","date_gmt":"2016-08-25T11:27:49","guid":{"rendered":"http:\/\/interioexport.azelab.com\/?page_id=440"},"modified":"2025-04-18T01:48:40","modified_gmt":"2025-04-17T22:48:40","slug":"hakkinda","status":"publish","type":"page","link":"https:\/\/irenelcisoy.com.tr\/index.php\/hakkinda\/","title":{"rendered":"HAKKINDA"},"content":{"rendered":"<div class=\"wpb-content-wrapper\"><p>[vc_row full_width=&#8221;stretch_row&#8221; css_animation=&#8221;fadeInLeft&#8221; el_id=&#8221;hakk\u0131nda&#8221; css=&#8221;.vc_custom_1652440785986{background-color: #000000 !important;}&#8221;][vc_column css_animation=&#8221;fadeInLeft&#8221; css=&#8221;.vc_custom_1618599645283{background-position: 0 0 !important;background-repeat: no-repeat !important;}&#8221;][tt_in_about_section_shortcode back_image=&#8221;2187&#8243; author=&#8221;\u0130REN EL\u00c7\u0130SOY&#8221; image=&#8221;1610&#8243; description=&#8221;Interio is a boutique Architectural and Interior Design studio that prides itself on delivering high quality unique solutions with a strong client focus. We have a wide range of expertise with a portfolio of project types such as individual houses, community precincts, through to multi-unit developments and large scale commercial projects. No built outcome is identical; the key focus being on the design journey and the establishment of ongoing client relationships.&#8221; author_color=&#8221;#6d6a63&#8243; title_color=&#8221;#4c4033&#8243;]2005 y\u0131l\u0131nda Gazi \u00dcniversitesi<br \/>\nMimarl\u0131k B\u00f6l\u00fcm\u00fc&#8217;nden mezun oldu.<br \/>\nGe\u00e7ti\u011fimiz 16 y\u0131l boyunca, b\u00fcy\u00fck \u00f6l\u00e7ekli,<br \/>\n\u00e7ok fonksiyonlu, prestijli, ulusal-uluslararas\u0131<br \/>\nprojelerde tasar\u0131m ve y\u00f6netim deneyimine sahip oldu.<br \/>\n2021 y\u0131l\u0131nda \u0130ren El\u00e7isoy Mimarl\u0131k&#8217;\u0131 Mimarl\u0131k&#8217;\u0131 kurdu.<br \/>\nMimarlar Odas\u0131 Ankara \u015eubesi \u00fcyesidir.[\/tt_in_about_section_shortcode][vc_custom_heading text=&#8221;\u0130\u015e TECR\u00dcBES\u0130:&#8221; font_container=&#8221;tag:p|font_size:20|text_align:left&#8221; use_theme_fonts=&#8221;yes&#8221; css_animation=&#8221;fadeInLeft&#8221; css=&#8221;.vc_custom_1652217947217{padding-top: 25px !important;padding-left: 5px !important;}&#8221;][\/vc_column][\/vc_row][vc_row][vc_column width=&#8221;1\/3&#8243;][vc_custom_heading text=&#8221;\u2022 Northgate Ankara Projesi _2.000.000 m2 -Ankara-12.2020<br \/>\nHnn Yap\u0131 Teknik \u0130n\u015faat, Kentsel Tasar\u0131m Projesi<br \/>\n\u2022 Sinpa\u015f GYO_G\u00f6korman Projesi_100.000 m2_ \u0130stanbul-01.2018<br \/>\n\u2022 Sinpa\u015f GYO_Alt\u0131noran Projesi Parsel 5-6_150.000 m2_ Ankara-12.2016<br \/>\n\u2022 Sinpa\u015f GYO_Marina Towers Projesi_140.000 m2_ Ankara-10.2015<br \/>\nEvrenol Mimarl\u0131k, \u0130\u00e7 Mimari Uygulama Projesi<br \/>\n\u2022 Giri\u015f holleri mimari konsept tasar\u0131m ve uygulama projesi<br \/>\n\u2022 Resepsiyon-asans\u00f6r-kat holleri i\u00e7 mimari konsept tasar\u0131m ve uygulama projesi<br \/>\n\u2022 Mutfak detaylar\u0131<br \/>\n\u2022 Banyo detaylar\u0131<br \/>\n\u2022 Di\u011fer sabit dolap detaylar\u0131<br \/>\n\u2022 Daire d\u00f6\u015feme-duvar-tavan planlar\u0131<br \/>\n\u2022 Y\u0131ld\u0131r\u0131m Beyaz\u0131t \u00dcni. Sa\u011fl\u0131k Temel Bilimler ve Lab. Yeni Binas\u0131 _60.000 m2 -Ankara-03.2016<br \/>\nHilmi G\u00fcner Mimarl\u0131k, Mimari Avan Proje 1\/200<br \/>\n\u2022 Doktor ve muayene odalar\u0131<br \/>\n\u2022 Labaratuvarlar<br \/>\n\u2022 Derslikler, amfiler, k\u00fct\u00fcphane<br \/>\n\u2022 Yemekhane, restaurant, kafeterya<br \/>\n\u2022 Sosyal donat\u0131 alanlar\u0131<br \/>\n\u2022 Teknik alanlar<br \/>\n\u2022 Divan G-Marin Projesi (A Bloklar)_10.000 m2 -\u0130stanbul-08.2014<br \/>\nAdnan Kazmao\u011flu Mam Mimarl\u0131k, Mimari Uygulama Projesi 1\/50<br \/>\n\u2022 Apartman Projesi<\/p>\n<ul>\n<li>\u0130\u00dc Sosyal Bilimler Enstit\u00fcs\u00fc ve \u0130ktisat Fak\u00fcltesi Yeni Binas\u0131 _9.400 m2 -\u0130stanbul-03.2014<br \/>\n\u0130stanbul \u00dcniversitesi, Mimari Avan ve Uygulama Projesi<br \/>\n\u2022 Tarihi Koruma Kurulu\u2019ndan onay al\u0131nmas\u0131<br \/>\n\u2022 Ruhsat projesinin haz\u0131rlanmas\u0131<br \/>\n\u2022 Uygulama projesinin haz\u0131rlanmas\u0131<br \/>\n\u2022 Statik-mekanik-elektrik koordinasyonu<br \/>\n\u2022 Kap\u0131-pencere-merdiven-d\u00f6\u015feme-tavan-\u0131slak hacim-peyzaj-cephe sistem detaylar\u0131<br \/>\n\u2022 Teknik d\u00f6k\u00fcmanlar\u0131n olu\u015fturulmas\u0131<br \/>\n\u2022 Accra Oditoryum Binas\u0131 Projesi_2500 ki\u015filik_11.500 m2 -Ghana-08.2014<br \/>\nArser \u00c7elik Yap\u0131, Mimari Avan Projesi<br \/>\n\u2022 \u00c7elik yap\u0131 sisteminin olu\u015fturulmas\u0131<br \/>\n\u2022 2500 ki\u015filik opera salonu<br \/>\n\u2022 250 ki\u015filik 3 adet konferans salonu<br \/>\n\u2022 Toplant\u0131 salonlar\u0131, sanat\u00e7\u0131 odalar\u0131, lobiler<br \/>\n\u2022 50 odal\u0131 otel,<br \/>\n\u2022 Sosyal donat\u0131 alanlar\u0131<br \/>\n\u2022 Teknik alanlar<br \/>\n\u2022 \u0130sve\u00e7 Toplu Villa Projesi_(25 m2x600 adet)15.000 m2-\u0130sve\u00e7-09.2014<br \/>\nArser \u00c7elik Yap\u0131, Mimari Avan Projesi<br \/>\n\u2022 25 m2\u2019lik \u00e7elik, ah\u015fap ve cam malzemelerden olu\u015fturulmu\u015f tek ki\u015filik bar\u0131nak dizayn\u0131&#8221; font_container=&#8221;tag:h3|text_align:left&#8221; google_fonts=&#8221;font_family:Roboto%3A100%2C100italic%2C300%2C300italic%2Cregular%2Citalic%2C500%2C500italic%2C700%2C700italic%2C900%2C900italic|font_style:400%20regular%3A400%3Anormal&#8221;][\/vc_column][vc_column width=&#8221;1\/3&#8243;][vc_custom_heading text=&#8221;KARDEN \u0130N\u015eAAT, \u0130stanbul-03.2012\/06.2013<\/li>\n<\/ul>\n<p>Sembol \u0130stanbul Projesi _ 200,000 m2<\/p>\n<p>\u00c7amo\u011flu Mimarl\u0131k taraf\u0131ndan tasarlanan proje; betonarme str\u00fckt\u00fcrl\u00fc, konut-ofis-otel kullan\u0131ml\u0131 30-40 katl\u0131 3 kule ve bunlar\u0131 saran al\u0131\u015fveri\u015f podyumunu kapsamakta olup, 200 milyon TL maliyetindedir.<\/p>\n<p>Mimari Proje Geli\u015ftirme Y\u00f6neticisi<br \/>\nDizayn Ofis \u015eefi<\/p>\n<ul>\n<li>\u0130stanbul B\u00fcy\u00fck\u015fehir Belediyesi`nin yapt\u0131\u011f\u0131 emsal de\u011fi\u015fiklikleri do\u011frultusunda avan projenin yeniden tasarlanmas\u0131<br \/>\n\u2022 Yap\u0131 sisteminin de\u011fi\u015ftirilmesi (Betonarme yap\u0131 sistemi, t\u00fcnel kal\u0131ba d\u00f6n\u00fc\u015ft\u00fcr\u00fclm\u00fc\u015ft\u00fcr.)<br \/>\n\u2022 Toplam in\u015faat maliyetinin d\u00fc\u015f\u00fcr\u00fclmesi (Yap\u0131lan proje geli\u015ftirme \u00e7al\u0131\u015fmalar\u0131 sonucu, proje kalitesinden \u00f6d\u00fcn vermeden toplam in\u015faat maliyeti %20 civarlar\u0131nda azalt\u0131lm\u0131\u015ft\u0131r.)<br \/>\n\u2022 Ruhsat projesinin haz\u0131rlanmas\u0131<br \/>\n\u2022 Uygulama projesinin haz\u0131rlanmas\u0131<br \/>\n\u2022 Statik-mekanik-elektrik koordinasyonu<br \/>\n\u2022 Yang\u0131n \/ D\u00fc\u015fey-yatay sirk\u00fclasyon \/ ula\u015ft\u0131rma koordinasyonu<br \/>\n\u2022 D\u00f6\u015feme-tavan planlar\u0131-cephe sistem kesitleri-pencere-kap\u0131-merdiven-mutfak-banyo detaylar\u0131n\u0131n haz\u0131rlanmas\u0131 ve koordinasyonu<br \/>\n\u2022 G\u00f6rselle\u015ftirme, tan\u0131t\u0131m dosyalar\u0131n\u0131n haz\u0131rlanmas\u0131 ve koordinasyonu<br \/>\n\u2022 \u0130malat kalitesinin \/ h\u0131z\u0131n\u0131n artt\u0131r\u0131lmas\u0131<br \/>\n\u2022 M\u00fc\u015fteri memnuniyetinin maksimize edilmesi<\/li>\n<\/ul>\n<p>RDS ENERJI-REFORM \u0130N\u015eAAT \u0130\u015e ORTAKLI\u011eI, \u0130stanbul-09.2010\/03.2012<\/p>\n<p>Star Towers Projesi _ 150,600 m2<\/p>\n<p>AE Mimarl\u0131k taraf\u0131ndan tasarlanan proje; t\u00fcnel kal\u0131p str\u00fckt\u00fcrl\u00fc, konut kullan\u0131ml\u0131 18-35 katl\u0131 5 kule ve bunlar\u0131 saran betonarme str\u00fckt\u00fcrl\u00fc al\u0131\u015fveri\u015f podyumunu kapsamakta olup, 150 milyon TL maliyetindedir.<\/p>\n<p>Proje M\u00fcd\u00fcr Yard\u0131mc\u0131s\u0131<br \/>\nDizayn Ofis \u015eefi<\/p>\n<ul>\n<li>Konsept Mimarlardan teslim al\u0131nan avan proje, i\u015fveren istekleri do\u011frultusunda revize edilip ruhsat projelerinin haz\u0131rlanmas\u0131<br \/>\n\u2022 Uygulama projesinin haz\u0131rlanmas\u0131<br \/>\n\u2022 Statik-mekanik-elektrik koordinasyonu<br \/>\n\u2022 Yang\u0131n koordinasyonu<br \/>\n\u2022 D\u00fc\u015fey-yatay sirk\u00fclasyon<br \/>\n\u2022 Ula\u015ft\u0131rma koordinasyonu<br \/>\n\u2022 D\u00f6\u015feme-tavan-duvar planlar\u0131<br \/>\n\u2022 Kap\u0131-pencere-merdiven- cephe sistem detaylar\u0131n\u0131n olu\u015fturulmas\u0131<br \/>\n\u2022 Mutfak-banyo detaylar\u0131n\u0131n haz\u0131rlanmas\u0131 ve koordinasyonu<br \/>\n\u2022 Sat\u0131nalma-lojistik departman\u0131na y\u00f6n vererek, numune temini ve nokta detaylar\u0131n olu\u015fturulmas\u0131<br \/>\n\u2022 Proje m\u00fcd\u00fcr\u00fcyle koordineli olarak teknik \u015fartname ve ihale dosyalar\u0131n\u0131n haz\u0131rlanmas\u0131&#8221; font_container=&#8221;tag:h3|text_align:left&#8221; google_fonts=&#8221;font_family:Roboto%3A100%2C100italic%2C300%2C300italic%2Cregular%2Citalic%2C500%2C500italic%2C700%2C700italic%2C900%2C900italic|font_style:400%20regular%3A400%3Anormal&#8221;][\/vc_column][vc_column width=&#8221;1\/3&#8243;][vc_custom_heading text=&#8221;DIA HOLDING FZCO, \u0130stanbul\/Bak\u00fc-2007\/2010<\/li>\n<\/ul>\n<p>Bak\u00fc Flame Towers Projesi _ 245,000 m2<\/p>\n<p>Hok Architects taraf\u0131ndan tasarlanan proje; betonarme str\u00fckt\u00fcrl\u00fc otel, ofis ve konut kullan\u0131ml\u0131, 30-40 katl\u0131 3 kule ve bunlar\u0131 saran al\u0131\u015fveri\u015f ve konferans salonu podyumunu kapsamakta olup, 2 milyar $ maliyetindedir.<\/p>\n<p>Cephe Koordinat\u00f6r\u00fc<br \/>\nDizayn Ofis Mimar\u0131 &#8211; \u0130stanbul<br \/>\n\u2022 1\/200 Avan Projenin ana mimar konseptleri-g\u00f6rsellere ba\u011fl\u0131 kalarak olu\u015fturulmas\u0131 (tek olarak)<br \/>\n\u2022 1\/100-50-20 Uygulama Projesinin olu\u015fturulmas\u0131 (tak\u0131m olarak)<br \/>\n\u2022 Werner Sobek dan\u0131\u015fmanl\u0131\u011f\u0131nda uygulama projesiyle cephe koordinasyonunun y\u00fcr\u00fct\u00fclmesi ve a\u015fa\u011f\u0131da belirtilen i\u015f kalemlerinin y\u00fcr\u00fct\u00fclmesi<br \/>\no Unitized panel sistem tekniklerinin belirlenmesi ve imalat \/ yap\u0131m uygunlu\u011funun sa\u011flanmas\u0131<br \/>\no Projenin amorf yap\u0131s\u0131na uygun olarak cephe panel boyutlar\u0131n\u0131n belirlenmesi<br \/>\no R\u00fczg\u00e2r t\u00fcnel testi koordinasyonu<br \/>\no Cephe temizleme, ayd\u0131nlatma \/ havaland\u0131rma sistemlerinin belirlenmesi<br \/>\no Cam cins, kal\u0131nl\u0131k, renklerinin belirlenmesi<br \/>\no AVM uzay kafes \u00e7at\u0131 tasar\u0131m\u0131<br \/>\no Sat\u0131nalma departman\u0131yla koordineli, firma se\u00e7iminin sa\u011flanmas\u0131<br \/>\nYap\u0131m M\u00fcd\u00fcr\u00fc Yard\u0131mc\u0131s\u0131<br \/>\nSaha Mimar\u0131 &#8211; Bak\u00fc<br \/>\n\u2022 G\u00fcnl\u00fck \/ haftal\u0131k \/ ayl\u0131k \/ y\u0131ll\u0131k planlama sistemlerinin yeniden olu\u015fturulmas\u0131<br \/>\n\u2022 Saha ve \u00f6l\u00e7\u00fcm ekipleri i\u015flerinin planlama sistemine uygun ilerleyi\u015f raporlar\u0131n\u0131n kontrol\u00fc<br \/>\n\u2022 Dizayn ofis ekibinin planlama sistemine uygun proje ak\u0131\u015f\u0131n\u0131n kontrol\u00fc<br \/>\n\u2022 Ta\u015feron verimlilik analizleri \/ metrajlar \/ adam say\u0131lar\u0131 takibi<br \/>\n\u2022 Genel \u0130\u015fleyi\u015f senaryosunun \u015fantiye i\u015f ak\u0131\u015f\u0131na g\u00f6re g\u00fcncellenmesi<br \/>\n(kule-mobil vin\u00e7, hidrolik kal\u0131p vb. ekipmanlar)<br \/>\n\u2022 \u015eantiye yang\u0131n senaryosunun g\u00fcncellenmesi ve i\u015f g\u00fcvenlik i\u015fleyi\u015f takibi<\/p>\n<p>PRO-GE MIMARLIK, Ankara-2006\/2007<br \/>\nL\u00fcks otel projelerinde faaliyet g\u00f6steren firmada dizayn ve uygulama projelerinde g\u00f6rev ald\u0131m.<br \/>\n\u2022 Trabzon Nov Otel Projesi_ 200 oda \/ 4y\u0131ld\u0131z<br \/>\n\u2022 Tatvan Kayak Oteli Projesi_ 200 oda \/ 5 y\u0131ld\u0131z<br \/>\n\u2022 Ck Farabi Otel Projesi_ 50 oda \/ 4 y\u0131ld\u0131z<br \/>\n\u2022 Ankara Swiss Otel Projesi_ 150 odal\u0131 \/ 5 y\u0131ld\u0131z<br \/>\n\u2022 Ankara Rixos Grand Otel Projesi_ 180 oda \/ 5 y\u0131ld\u0131z<\/p>\n<p>AT\u00d6LYE\u20135 MIMARLIK, Ankara-2005\/2006<br \/>\n\u0130hale ve yar\u0131\u015fma projelerinde faaliyet g\u00f6steren firmada dizayn ve uygulama projelerinde g\u00f6rev ald\u0131m.<\/p>\n<ul>\n<li>Gen\u00e7lik ve Spor Bakanl\u0131\u011f\u0131\/ Milli Sporcular Ar-Ge Merkezi Projesi _ 32,400 m2<br \/>\nMimari Dizayn ve Uygulama Projesi Sorumlusu<\/li>\n<\/ul>\n<p>BARMEK HOLDING, Ankara-2003<br \/>\n\u2022 Beysukent Angora Evleri Projesi \u015eantiyesi (Villalar+S\u0131raevler)&#8221; font_container=&#8221;tag:h3|text_align:left&#8221; google_fonts=&#8221;font_family:Roboto%3A100%2C100italic%2C300%2C300italic%2Cregular%2Citalic%2C500%2C500italic%2C700%2C700italic%2C900%2C900italic|font_style:400%20regular%3A400%3Anormal&#8221;][\/vc_column][\/vc_row]<\/p>\n<\/div>","protected":false},"excerpt":{"rendered":"<p>[vc_row full_width=&#8221;stretch_row&#8221; css_animation=&#8221;fadeInLeft&#8221; el_id=&#8221;hakk\u0131nda&#8221; css=&#8221;.vc_custom_1652440785986{background-color: #000000 !important;}&#8221;][vc_column css_animation=&#8221;fadeInLeft&#8221; css=&#8221;.vc_custom_1618599645283{background-position: 0 0 !important;background-repeat: no-repeat !important;}&#8221;][tt_in_about_section_shortcode back_image=&#8221;2187&#8243; author=&#8221;\u0130REN EL\u00c7\u0130SOY&#8221; image=&#8221;1610&#8243; description=&#8221;Interio is a boutique Architectural and Interior Design studio that prides itself on delivering high quality unique solutions with a strong client focus. We have a wide range of expertise with a portfolio of project types such [&hellip;]<\/p>\n","protected":false},"author":1,"featured_media":0,"parent":0,"menu_order":0,"comment_status":"closed","ping_status":"closed","template":"","meta":{"footnotes":""},"class_list":["post-440","page","type-page","status-publish","hentry"],"aioseo_notices":[],"lang":"tr","translations":{"tr":440,"en":2423},"pll_sync_post":[],"_links":{"self":[{"href":"https:\/\/irenelcisoy.com.tr\/index.php\/wp-json\/wp\/v2\/pages\/440","targetHints":{"allow":["GET"]}}],"collection":[{"href":"https:\/\/irenelcisoy.com.tr\/index.php\/wp-json\/wp\/v2\/pages"}],"about":[{"href":"https:\/\/irenelcisoy.com.tr\/index.php\/wp-json\/wp\/v2\/types\/page"}],"author":[{"embeddable":true,"href":"https:\/\/irenelcisoy.com.tr\/index.php\/wp-json\/wp\/v2\/users\/1"}],"replies":[{"embeddable":true,"href":"https:\/\/irenelcisoy.com.tr\/index.php\/wp-json\/wp\/v2\/comments?post=440"}],"version-history":[{"count":101,"href":"https:\/\/irenelcisoy.com.tr\/index.php\/wp-json\/wp\/v2\/pages\/440\/revisions"}],"predecessor-version":[{"id":2644,"href":"https:\/\/irenelcisoy.com.tr\/index.php\/wp-json\/wp\/v2\/pages\/440\/revisions\/2644"}],"wp:attachment":[{"href":"https:\/\/irenelcisoy.com.tr\/index.php\/wp-json\/wp\/v2\/media?parent=440"}],"curies":[{"name":"wp","href":"https:\/\/api.w.org\/{rel}","templated":true}]}}