{"id":300,"date":"2016-07-28T10:38:48","date_gmt":"2016-07-28T10:38:48","guid":{"rendered":"http:\/\/interioexport.azelab.com\/?page_id=300"},"modified":"2025-07-29T14:52:52","modified_gmt":"2025-07-29T11:52:52","slug":"iletisim","status":"publish","type":"page","link":"https:\/\/irenelcisoy.com.tr\/index.php\/iletisim\/","title":{"rendered":"\u0130LET\u0130\u015e\u0130M"},"content":{"rendered":"<div class=\"wpb-content-wrapper\"><p>[vc_row][vc_column width=&#8221;1\/2&#8243;][vc_custom_heading text=&#8221;\u0130leti\u015fim&#8221; css=&#8221;.vc_custom_1652365663050{padding-top: 30px !important;padding-bottom: 30px !important;}&#8221;][vc_column_text]<span style=\"font-family: helvetica; font-size: 14pt;\"><strong>Adres:<\/strong><\/span><br \/>\n<span style=\"font-family: helvetica; font-size: 14pt;\">K\u0131z\u0131l\u0131rmak Mah, Dumlup\u0131nar Bul, Next Level, A Blok, Kat 4, KNo: 3 Dno: 10, 06520, S\u00f6\u011f\u00fct\u00f6z\u00fc\/\u00c7ankaya\/Ankara\/TR<\/span><\/p>\n<p>&nbsp;<\/p>\n<p><span style=\"font-family: helvetica; font-size: 14pt;\"><strong>Telefon :<\/strong><\/span><br \/>\n<span style=\"font-family: helvetica; font-size: 14pt;\">+90 312 950 57 66<\/span><\/p>\n<p>&nbsp;<\/p>\n<p><span style=\"font-family: helvetica; font-size: 14pt;\"><strong>Faks:<\/strong><\/span><br \/>\n<span style=\"font-family: helvetica; font-size: 14pt;\">+90 850 522 34 03<\/span><\/p>\n<p>&nbsp;<\/p>\n<p><span style=\"font-family: helvetica; font-size: 14pt;\"><strong>Mobil Telefon:<\/strong><\/span><br \/>\n<span style=\"font-family: helvetica; font-size: 14pt;\">+90 537 220 45 67<\/span><\/p>\n<p>&nbsp;<\/p>\n<p><span style=\"font-family: helvetica; font-size: 14pt;\"><strong>E-Posta:<\/strong><\/span><br \/>\n<span style=\"font-family: helvetica; font-size: 14pt;\">info@irenelcisoy.com.tr<\/span><\/p>\n<p>&nbsp;<\/p>\n<p>&nbsp;<\/p>\n<p>&nbsp;<\/p>\n<p>[\/vc_column_text][vc_raw_html]JTI2bmJzcCUzQiUwQSUwQSUzQ3NwYW4lMjBzdHlsZSUzRCUyMmZvbnQtZmFtaWx5JTNBJTIwaGVsdmV0aWNhJTNCJTIwZm9udC1zaXplJTNBJTIwMTRwdCUzQiUyMiUzRSUzQ3N0cm9uZyUzRVNvc3lhbCUyME1lZHlhJTNDJTJGc3Ryb25nJTNFJTNDJTJGc3BhbiUzRSUzQ3AlM0UlM0NkaXYlMjBzdHlsZSUzRCUyMmRpc3BsYXklM0FmbGV4JTNCZmxleC13cmFwJTNBd3JhcCUyMiUzRSUzQ2ElMjBocmVmJTNEJTIyaHR0cHMlM0ElMkYlMkZ3d3cuaW5zdGFncmFtLmNvbSUyRmlyZW5lbGNpc295JTJGJTIyJTIwdGFyZ2V0JTNEJTIyX2JsYW5rJTIyJTIwcmVsJTNEJTIybm9vcGVuZXIlMjBub3JlZmVycmVyJTIyJTIwc3R5bGUlM0QlMjJ0ZXh0LWRlY29yYXRpb24lM0Fub25lJTNCYm9yZGVyJTNBMCUzQndpZHRoJTNBNTBweCUzQmhlaWdodCUzQTUwcHglM0JwYWRkaW5nJTNBMnB4JTNCbWFyZ2luJTNBNXB4JTNCY29sb3IlM0ElMjNmZmZmZmYlM0Jib3JkZXItcmFkaXVzJTNBMTUlMjUlM0JiYWNrZ3JvdW5kLWNvbG9yJTNBJTIzMDAwMDAwJTNCJTIyJTNFJTNDc3ZnJTIwY2xhc3MlM0QlMjJuaWZ0eWJ1dHRvbi1pbnN0YWdyYW0lMjIlMjBzdHlsZSUzRCUyMmRpc3BsYXklM0FibG9jayUzQmZpbGwlM0FjdXJyZW50Q29sb3IlMjIlMjBkYXRhLXRhZyUzRCUyMmlucyUyMiUyMGRhdGEtbmFtZSUzRCUyMkluc3RhZ3JhbSUyMiUyMHZpZXdCb3glM0QlMjIwJTIwMCUyMDUxMiUyMDUxMiUyMiUyMHByZXNlcnZlQXNwZWN0UmF0aW8lM0QlMjJ4TWlkWU1pZCUyMG1lZXQlMjIlM0UlMEElMjAlMjAlMjAlMjAlM0NwYXRoJTIwZCUzRCUyMk0yNTYlMjAxMDkuM2M0Ny44JTIwMCUyMDUzLjQlMjAwLjIlMjA3Mi4zJTIwMSUyMDE3LjQlMjAwLjglMjAyNi45JTIwMy43JTIwMzMuMiUyMDYuMiUyMDguNCUyMDMuMiUyMDE0LjMlMjA3LjElMjAyMC42JTIwMTMuNCUyMDYuMyUyMDYuMyUyMDEwLjElMjAxMi4yJTIwMTMuNCUyMDIwLjYlMjAyLjUlMjA2LjMlMjA1LjQlMjAxNS44JTIwNi4yJTIwMzMuMiUyMDAuOSUyMDE4LjklMjAxJTIwMjQuNSUyMDElMjA3Mi4zcy0wLjIlMjA1My40LTElMjA3Mi4zYy0wLjglMjAxNy40LTMuNyUyMDI2LjktNi4yJTIwMzMuMiUyMC0zLjIlMjA4LjQtNy4xJTIwMTQuMy0xMy40JTIwMjAuNiUyMC02LjMlMjA2LjMtMTIuMiUyMDEwLjEtMjAuNiUyMDEzLjQlMjAtNi4zJTIwMi41LTE1LjglMjA1LjQtMzMuMiUyMDYuMiUyMC0xOC45JTIwMC45LTI0LjUlMjAxLTcyLjMlMjAxcy01My40LTAuMi03Mi4zLTFjLTE3LjQtMC44LTI2LjktMy43LTMzLjItNi4yJTIwLTguNC0zLjItMTQuMy03LjEtMjAuNi0xMy40JTIwLTYuMy02LjMtMTAuMS0xMi4yLTEzLjQtMjAuNiUyMC0yLjUtNi4zLTUuNC0xNS44LTYuMi0zMy4yJTIwLTAuOS0xOC45LTEtMjQuNS0xLTcyLjNzMC4yLTUzLjQlMjAxLTcyLjNjMC44LTE3LjQlMjAzLjctMjYuOSUyMDYuMi0zMy4yJTIwMy4yLTguNCUyMDcuMS0xNC4zJTIwMTMuNC0yMC42JTIwNi4zLTYuMyUyMDEyLjItMTAuMSUyMDIwLjYtMTMuNCUyMDYuMy0yLjUlMjAxNS44LTUuNCUyMDMzLjItNi4yQzIwMi42JTIwMTA5LjUlMjAyMDguMiUyMDEwOS4zJTIwMjU2JTIwMTA5LjNNMjU2JTIwNzcuMWMtNDguNiUyMDAtNTQuNyUyMDAuMi03My44JTIwMS4xJTIwLTE5JTIwMC45LTMyLjElMjAzLjktNDMuNCUyMDguMyUyMC0xMS44JTIwNC42LTIxLjclMjAxMC43LTMxLjclMjAyMC42JTIwLTkuOSUyMDkuOS0xNi4xJTIwMTkuOS0yMC42JTIwMzEuNyUyMC00LjQlMjAxMS40LTcuNCUyMDI0LjQtOC4zJTIwNDMuNCUyMC0wLjklMjAxOS4xLTEuMSUyMDI1LjItMS4xJTIwNzMuOCUyMDAlMjA0OC42JTIwMC4yJTIwNTQuNyUyMDEuMSUyMDczLjglMjAwLjklMjAxOSUyMDMuOSUyMDMyLjElMjA4LjMlMjA0My40JTIwNC42JTIwMTEuOCUyMDEwLjclMjAyMS43JTIwMjAuNiUyMDMxLjclMjA5LjklMjA5LjklMjAxOS45JTIwMTYuMSUyMDMxLjclMjAyMC42JTIwMTEuNCUyMDQuNCUyMDI0LjQlMjA3LjQlMjA0My40JTIwOC4zJTIwMTkuMSUyMDAuOSUyMDI1LjIlMjAxLjElMjA3My44JTIwMS4xczU0LjctMC4yJTIwNzMuOC0xLjFjMTktMC45JTIwMzIuMS0zLjklMjA0My40LTguMyUyMDExLjgtNC42JTIwMjEuNy0xMC43JTIwMzEuNy0yMC42JTIwOS45LTkuOSUyMDE2LjEtMTkuOSUyMDIwLjYtMzEuNyUyMDQuNC0xMS40JTIwNy40LTI0LjQlMjA4LjMtNDMuNCUyMDAuOS0xOS4xJTIwMS4xLTI1LjIlMjAxLjEtNzMuOHMtMC4yLTU0LjctMS4xLTczLjhjLTAuOS0xOS0zLjktMzIuMS04LjMtNDMuNCUyMC00LjYtMTEuOC0xMC43LTIxLjctMjAuNi0zMS43JTIwLTkuOS05LjktMTkuOS0xNi4xLTMxLjctMjAuNiUyMC0xMS40LTQuNC0yNC40LTcuNC00My40LTguM0MzMTAuNyUyMDc3LjMlMjAzMDQuNiUyMDc3LjElMjAyNTYlMjA3Ny4xTDI1NiUyMDc3LjF6JTIyJTNFJTNDJTJGcGF0aCUzRSUwQSUyMCUyMCUyMCUyMCUzQ3BhdGglMjBkJTNEJTIyTTI1NiUyMDE2NC4xYy01MC43JTIwMC05MS45JTIwNDEuMS05MS45JTIwOTEuOXM0MS4xJTIwOTEuOSUyMDkxLjklMjA5MS45JTIwOTEuOS00MS4xJTIwOTEuOS05MS45UzMwNi43JTIwMTY0LjElMjAyNTYlMjAxNjQuMXpNMjU2JTIwMzE1LjZjLTMyLjklMjAwLTU5LjYtMjYuNy01OS42LTU5LjZzMjYuNy01OS42JTIwNTkuNi01OS42JTIwNTkuNiUyMDI2LjclMjA1OS42JTIwNTkuNlMyODguOSUyMDMxNS42JTIwMjU2JTIwMzE1LjZ6JTIyJTNFJTNDJTJGcGF0aCUzRSUwQSUyMCUyMCUyMCUyMCUzQ2NpcmNsZSUyMGN4JTNEJTIyMzUxLjUlMjIlMjBjeSUzRCUyMjE2MC41JTIyJTIwciUzRCUyMjIxLjUlMjIlM0UlM0MlMkZjaXJjbGUlM0UlMEElM0MlMkZzdmclM0UlM0MlMkZhJTNFJTNDJTJGZGl2JTNFJTNDJTJGcCUzRQ==[\/vc_raw_html][\/vc_column][vc_column width=&#8221;1\/2&#8243; css=&#8221;.vc_custom_1618606709304{padding-top: 50px !important;}&#8221;][vc_raw_html]JTNDZGl2JTIwc3R5bGUlM0QlMjJwb3NpdGlvbiUzQXJlbGF0aXZlJTNCb3ZlcmZsb3clM0FoaWRkZW4lM0IlMjIlM0UlM0NhJTIwaHJlZiUzRCUyMmh0dHBzJTNBJTJGJTJGeWFuZGV4LmNvbS50ciUyRmhhcml0YSUyRjEwNDc4MiUyRmNhbmtheWElMkZzZWFyY2glMkZOZXh0JTI1MjBMZXZlbCUyRiUzRnV0bV9tZWRpdW0lM0RtYXBmcmFtZSUyNnV0bV9zb3VyY2UlM0RtYXBzJTIyJTIwc3R5bGUlM0QlMjJjb2xvciUzQSUyM2VlZSUzQmZvbnQtc2l6ZSUzQTEycHglM0Jwb3NpdGlvbiUzQWFic29sdXRlJTNCdG9wJTNBMHB4JTNCJTIyJTNFJUMzJTg3YW5rYXlhJTIwaSVDMyVBN2luJTIwTmV4dCUyMExldmVsJTNDJTJGYSUzRSUzQ2ElMjBocmVmJTNEJTIyaHR0cHMlM0ElMkYlMkZ5YW5kZXguY29tLnRyJTJGaGFyaXRhJTJGMTA0NzgyJTJGY2Fua2F5YSUyRiUzRnV0bV9tZWRpdW0lM0RtYXBmcmFtZSUyNnV0bV9zb3VyY2UlM0RtYXBzJTIyJTIwc3R5bGUlM0QlMjJjb2xvciUzQSUyM2VlZSUzQmZvbnQtc2l6ZSUzQTEycHglM0Jwb3NpdGlvbiUzQWFic29sdXRlJTNCdG9wJTNBMTRweCUzQiUyMiUzRSVDMyU4N2Fua2F5YSUzQyUyRmElM0UlM0NpZnJhbWUlMjBzcmMlM0QlMjJodHRwcyUzQSUyRiUyRnlhbmRleC5jb20udHIlMkZtYXAtd2lkZ2V0JTJGdjElMkYtJTJGQ0NVWXFUYUJ3RCUyMiUyMHdpZHRoJTNEJTIyNTYwJTIyJTIwaGVpZ2h0JTNEJTIyNDAwJTIyJTIwZnJhbWVib3JkZXIlM0QlMjIxJTIyJTIwYWxsb3dmdWxsc2NyZWVuJTNEJTIydHJ1ZSUyMiUyMHN0eWxlJTNEJTIycG9zaXRpb24lM0FyZWxhdGl2ZSUzQiUyMiUzRSUzQyUyRmlmcmFtZSUzRSUzQyUyRmRpdiUzRQ==[\/vc_raw_html][\/vc_column][\/vc_row]<\/p>\n<\/div>","protected":false},"excerpt":{"rendered":"<p>[vc_row][vc_column width=&#8221;1\/2&#8243;][vc_custom_heading text=&#8221;\u0130leti\u015fim&#8221; css=&#8221;.vc_custom_1652365663050{padding-top: 30px !important;padding-bottom: 30px !important;}&#8221;][vc_column_text]Adres: K\u0131z\u0131l\u0131rmak Mah, Dumlup\u0131nar Bul, Next Level, A Blok, Kat 4, KNo: 3 Dno: 10, 06520, S\u00f6\u011f\u00fct\u00f6z\u00fc\/\u00c7ankaya\/Ankara\/TR &nbsp; Telefon : +90 312 950 57 66 &nbsp; Faks: +90 850 522 34 03 &nbsp; Mobil Telefon: +90 537 220 45 67 &nbsp; E-Posta: info@irenelcisoy.com.tr &nbsp; &nbsp; &nbsp; [\/vc_column_text][vc_raw_html]JTI2bmJzcCUzQiUwQSUwQSUzQ3NwYW4lMjBzdHlsZSUzRCUyMmZvbnQtZmFtaWx5JTNBJTIwaGVsdmV0aWNhJTNCJTIwZm9udC1zaXplJTNBJTIwMTRwdCUzQiUyMiUzRSUzQ3N0cm9uZyUzRVNvc3lhbCUyME1lZHlhJTNDJTJGc3Ryb25nJTNFJTNDJTJGc3BhbiUzRSUzQ3AlM0UlM0NkaXYlMjBzdHlsZSUzRCUyMmRpc3BsYXklM0FmbGV4JTNCZmxleC13cmFwJTNBd3JhcCUyMiUzRSUzQ2ElMjBocmVmJTNEJTIyaHR0cHMlM0ElMkYlMkZ3d3cuaW5zdGFncmFtLmNvbSUyRmlyZW5lbGNpc295JTJGJTIyJTIwdGFyZ2V0JTNEJTIyX2JsYW5rJTIyJTIwcmVsJTNEJTIybm9vcGVuZXIlMjBub3JlZmVycmVyJTIyJTIwc3R5bGUlM0QlMjJ0ZXh0LWRlY29yYXRpb24lM0Fub25lJTNCYm9yZGVyJTNBMCUzQndpZHRoJTNBNTBweCUzQmhlaWdodCUzQTUwcHglM0JwYWRkaW5nJTNBMnB4JTNCbWFyZ2luJTNBNXB4JTNCY29sb3IlM0ElMjNmZmZmZmYlM0Jib3JkZXItcmFkaXVzJTNBMTUlMjUlM0JiYWNrZ3JvdW5kLWNvbG9yJTNBJTIzMDAwMDAwJTNCJTIyJTNFJTNDc3ZnJTIwY2xhc3MlM0QlMjJuaWZ0eWJ1dHRvbi1pbnN0YWdyYW0lMjIlMjBzdHlsZSUzRCUyMmRpc3BsYXklM0FibG9jayUzQmZpbGwlM0FjdXJyZW50Q29sb3IlMjIlMjBkYXRhLXRhZyUzRCUyMmlucyUyMiUyMGRhdGEtbmFtZSUzRCUyMkluc3RhZ3JhbSUyMiUyMHZpZXdCb3glM0QlMjIwJTIwMCUyMDUxMiUyMDUxMiUyMiUyMHByZXNlcnZlQXNwZWN0UmF0aW8lM0QlMjJ4TWlkWU1pZCUyMG1lZXQlMjIlM0UlMEElMjAlMjAlMjAlMjAlM0NwYXRoJTIwZCUzRCUyMk0yNTYlMjAxMDkuM2M0Ny44JTIwMCUyMDUzLjQlMjAwLjIlMjA3Mi4zJTIwMSUyMDE3LjQlMjAwLjglMjAyNi45JTIwMy43JTIwMzMuMiUyMDYuMiUyMDguNCUyMDMuMiUyMDE0LjMlMjA3LjElMjAyMC42JTIwMTMuNCUyMDYuMyUyMDYuMyUyMDEwLjElMjAxMi4yJTIwMTMuNCUyMDIwLjYlMjAyLjUlMjA2LjMlMjA1LjQlMjAxNS44JTIwNi4yJTIwMzMuMiUyMDAuOSUyMDE4LjklMjAxJTIwMjQuNSUyMDElMjA3Mi4zcy0wLjIlMjA1My40LTElMjA3Mi4zYy0wLjglMjAxNy40LTMuNyUyMDI2LjktNi4yJTIwMzMuMiUyMC0zLjIlMjA4LjQtNy4xJTIwMTQuMy0xMy40JTIwMjAuNiUyMC02LjMlMjA2LjMtMTIuMiUyMDEwLjEtMjAuNiUyMDEzLjQlMjAtNi4zJTIwMi41LTE1LjglMjA1LjQtMzMuMiUyMDYuMiUyMC0xOC45JTIwMC45LTI0LjUlMjAxLTcyLjMlMjAxcy01My40LTAuMi03Mi4zLTFjLTE3LjQtMC44LTI2LjktMy43LTMzLjItNi4yJTIwLTguNC0zLjItMTQuMy03LjEtMjAuNi0xMy40JTIwLTYuMy02LjMtMTAuMS0xMi4yLTEzLjQtMjAuNiUyMC0yLjUtNi4zLTUuNC0xNS44LTYuMi0zMy4yJTIwLTAuOS0xOC45LTEtMjQuNS0xLTcyLjNzMC4yLTUzLjQlMjAxLTcyLjNjMC44LTE3LjQlMjAzLjctMjYuOSUyMDYuMi0zMy4yJTIwMy4yLTguNCUyMDcuMS0xNC4zJTIwMTMuNC0yMC42JTIwNi4zLTYuMyUyMDEyLjItMTAuMSUyMDIwLjYtMTMuNCUyMDYuMy0yLjUlMjAxNS44LTUuNCUyMDMzLjItNi4yQzIwMi42JTIwMTA5LjUlMjAyMDguMiUyMDEwOS4zJTIwMjU2JTIwMTA5LjNNMjU2JTIwNzcuMWMtNDguNiUyMDAtNTQuNyUyMDAuMi03My44JTIwMS4xJTIwLTE5JTIwMC45LTMyLjElMjAzLjktNDMuNCUyMDguMyUyMC0xMS44JTIwNC42LTIxLjclMjAxMC43LTMxLjclMjAyMC42JTIwLTkuOSUyMDkuOS0xNi4xJTIwMTkuOS0yMC42JTIwMzEuNyUyMC00LjQlMjAxMS40LTcuNCUyMDI0LjQtOC4zJTIwNDMuNCUyMC0wLjklMjAxOS4xLTEuMSUyMDI1LjItMS4xJTIwNzMuOCUyMDAlMjA0OC42JTIwMC4yJTIwNTQuNyUyMDEuMSUyMDczLjglMjAwLjklMjAxOSUyMDMuOSUyMDMyLjElMjA4LjMlMjA0My40JTIwNC42JTIwMTEuOCUyMDEwLjclMjAyMS43JTIwMjAuNiUyMDMxLjclMjA5LjklMjA5LjklMjAxOS45JTIwMTYuMSUyMDMxLjclMjAyMC42JTIwMTEuNCUyMDQuNCUyMDI0LjQlMjA3LjQlMjA0My40JTIwOC4zJTIwMTkuMSUyMDAuOSUyMDI1LjIlMjAxLjElMjA3My44JTIwMS4xczU0LjctMC4yJTIwNzMuOC0xLjFjMTktMC45JTIwMzIuMS0zLjklMjA0My40LTguMyUyMDExLjgtNC42JTIwMjEuNy0xMC43JTIwMzEuNy0yMC42JTIwOS45LTkuOSUyMDE2LjEtMTkuOSUyMDIwLjYtMzEuNyUyMDQuNC0xMS40JTIwNy40LTI0LjQlMjA4LjMtNDMuNCUyMDAuOS0xOS4xJTIwMS4xLTI1LjIlMjAxLjEtNzMuOHMtMC4yLTU0LjctMS4xLTczLjhjLTAuOS0xOS0zLjktMzIuMS04LjMtNDMuNCUyMC00LjYtMTEuOC0xMC43LTIxLjctMjAuNi0zMS43JTIwLTkuOS05LjktMTkuOS0xNi4xLTMxLjctMjAuNiUyMC0xMS40LTQuNC0yNC40LTcuNC00My40LTguM0MzMTAuNyUyMDc3LjMlMjAzMDQuNiUyMDc3LjElMjAyNTYlMjA3Ny4xTDI1NiUyMDc3LjF6JTIyJTNFJTNDJTJGcGF0aCUzRSUwQSUyMCUyMCUyMCUyMCUzQ3BhdGglMjBkJTNEJTIyTTI1NiUyMDE2NC4xYy01MC43JTIwMC05MS45JTIwNDEuMS05MS45JTIwOTEuOXM0MS4xJTIwOTEuOSUyMDkxLjklMjA5MS45JTIwOTEuOS00MS4xJTIwOTEuOS05MS45UzMwNi43JTIwMTY0LjElMjAyNTYlMjAxNjQuMXpNMjU2JTIwMzE1LjZjLTMyLjklMjAwLTU5LjYtMjYuNy01OS42LTU5LjZzMjYuNy01OS42JTIwNTkuNi01OS42JTIwNTkuNiUyMDI2LjclMjA1OS42JTIwNTkuNlMyODguOSUyMDMxNS42JTIwMjU2JTIwMzE1LjZ6JTIyJTNFJTNDJTJGcGF0aCUzRSUwQSUyMCUyMCUyMCUyMCUzQ2NpcmNsZSUyMGN4JTNEJTIyMzUxLjUlMjIlMjBjeSUzRCUyMjE2MC41JTIyJTIwciUzRCUyMjIxLjUlMjIlM0UlM0MlMkZjaXJjbGUlM0UlMEElM0MlMkZzdmclM0UlM0MlMkZhJTNFJTNDJTJGZGl2JTNFJTNDJTJGcCUzRQ==[\/vc_raw_html][\/vc_column][vc_column width=&#8221;1\/2&#8243; [&hellip;]<\/p>\n","protected":false},"author":1,"featured_media":0,"parent":0,"menu_order":0,"comment_status":"closed","ping_status":"closed","template":"","meta":{"footnotes":""},"class_list":["post-300","page","type-page","status-publish","hentry"],"aioseo_notices":[],"lang":"tr","translations":{"tr":300,"en":2583},"pll_sync_post":[],"_links":{"self":[{"href":"https:\/\/irenelcisoy.com.tr\/index.php\/wp-json\/wp\/v2\/pages\/300","targetHints":{"allow":["GET"]}}],"collection":[{"href":"https:\/\/irenelcisoy.com.tr\/index.php\/wp-json\/wp\/v2\/pages"}],"about":[{"href":"https:\/\/irenelcisoy.com.tr\/index.php\/wp-json\/wp\/v2\/types\/page"}],"author":[{"embeddable":true,"href":"https:\/\/irenelcisoy.com.tr\/index.php\/wp-json\/wp\/v2\/users\/1"}],"replies":[{"embeddable":true,"href":"https:\/\/irenelcisoy.com.tr\/index.php\/wp-json\/wp\/v2\/comments?post=300"}],"version-history":[{"count":34,"href":"https:\/\/irenelcisoy.com.tr\/index.php\/wp-json\/wp\/v2\/pages\/300\/revisions"}],"predecessor-version":[{"id":2656,"href":"https:\/\/irenelcisoy.com.tr\/index.php\/wp-json\/wp\/v2\/pages\/300\/revisions\/2656"}],"wp:attachment":[{"href":"https:\/\/irenelcisoy.com.tr\/index.php\/wp-json\/wp\/v2\/media?parent=300"}],"curies":[{"name":"wp","href":"https:\/\/api.w.org\/{rel}","templated":true}]}}