{"id":2423,"date":"2022-05-11T01:52:55","date_gmt":"2022-05-10T22:52:55","guid":{"rendered":"https:\/\/irenelcisoy.com.tr\/?page_id=2423"},"modified":"2022-05-19T14:02:15","modified_gmt":"2022-05-19T11:02:15","slug":"about","status":"publish","type":"page","link":"https:\/\/irenelcisoy.com.tr\/index.php\/en\/about\/","title":{"rendered":"ABOUT"},"content":{"rendered":"<div class=\"wpb-content-wrapper\"><p>[vc_row full_width=&#8221;stretch_row&#8221; css_animation=&#8221;fadeInLeft&#8221; el_id=&#8221;about&#8221; css=&#8221;.vc_custom_1618144882180{background-color: #000000 !important;}&#8221;][vc_column css_animation=&#8221;fadeInLeft&#8221; css=&#8221;.vc_custom_1618599645283{background-position: 0 0 !important;background-repeat: no-repeat !important;}&#8221;][tt_in_about_section_shortcode back_image=&#8221;2187&#8243; author=&#8221;\u0130REN EL\u00c7\u0130SOY&#8221; image=&#8221;1610&#8243; description=&#8221;Interio is a boutique Architectural and Interior Design studio that prides itself on delivering high quality unique solutions with a strong client focus. We have a wide range of expertise with a portfolio of project types such as individual houses, community precincts, through to multi-unit developments and large scale commercial projects. No built outcome is identical; the key focus being on the design journey and the establishment of ongoing client relationships.&#8221; author_color=&#8221;#6d6a63&#8243; title_color=&#8221;#4c4033&#8243;]\u0130ren El\u00e7isoy graduated with a<br \/>\nbachelor&#8217;s degree in Architecture<br \/>\nfrom the Gazi University in 2005.<br \/>\nOver the past 16 years, she has<br \/>\nexperienced designing and<br \/>\nmanaging in large-scale,<br \/>\nmulti-disciplinary, high-profile<br \/>\nnational-international<br \/>\nprojects. In 2021 she founded<br \/>\n\u0130ren El\u00e7isoy Architecture in Turkey.[\/tt_in_about_section_shortcode][vc_custom_heading text=&#8221;JOB EXPERIENCE:&#8221; font_container=&#8221;tag:p|font_size:20|text_align:left&#8221; use_theme_fonts=&#8221;yes&#8221; css_animation=&#8221;fadeInLeft&#8221; css=&#8221;.vc_custom_1619551959428{padding-top: 25px !important;padding-left: 5px !important;}&#8221;][\/vc_column][\/vc_row][vc_row][vc_column width=&#8221;1\/3&#8243;][vc_custom_heading text=&#8221;\u2022 Northgate Ankara Project 2.000.000sqm_ Ankara-12.2020<br \/>\nHNN Yap\u0131 Teknik<\/p>\n<p>\u2022 Urban planning and architectural concept project<\/p>\n<p>\u2022 Sinpa\u015f GYO_G\u00f6korman Project 100.000sqm_ \u0130stanbul-12.2017<br \/>\n\u2022 Sinpa\u015f GYO_Alt\u0131noran Parcel 5-6 Project 150.000sqm_ Ankara-12.2016<br \/>\n\u2022 Sinpa\u015f GYO_Marina Towers Project 140.000sqm_ Ankara-10.2015<br \/>\nCooperation with Evrenol Architecture, Interior Architectural Projects<br \/>\n\u2022 Reception and lobby_interior architectural concept project and construction drawings<br \/>\n\u2022 Lift hall and floor common areas_interior architectural concept project and construction drawings<br \/>\n\u2022 1\/50 floor-wall-ceiling<br \/>\n\u2022 1\/20-10 kitchen<br \/>\n\u2022 1\/20-10 Bathroom<br \/>\n\u2022 Other fixed furniture details<\/p>\n<p>\u2022 YBU University Faculty of Health Sciences Building in Bilkent_60.000sqm_Ankara-03.2016<br \/>\nCooperation with Hilmi G\u00fcner Architecture, Architectural Preliminary Projects 1\/200<br \/>\n\u2022 Doctor ve examination room<br \/>\n\u2022 Lab room,<br \/>\n\u2022 Classroom, lecture hall, library<br \/>\n\u2022 Dining hall, restaurant, cafe<br \/>\n\u2022 Recreation areas<br \/>\n\u2022 Technical areas<\/p>\n<p>\u2022 Divan G-Marin Project (A Blocks)_10.000sqm_\u0130stanbul_08.2014<br \/>\nCooperation with Adnan Kazmao\u011flu Mam Architecture, Construction Projects 1\/50<br \/>\n\u2022 Apartment project<br \/>\n\u2022 \u0130stanbul University Institute of Social Sciences Building in Fatih_9.400sqm_\u0130stanbul-02.2014<br \/>\n\u0130stanbul University, Architectural Concept and As-built Projects<br \/>\n\u2022 Re-designing the concept Project<br \/>\n\u2022 Getting approval acceptance from the historic preservation institution<br \/>\n\u2022 Creating the municipal approval and construction drawings project<br \/>\n\u2022 Static-mechanical-electrical coordination<br \/>\n\u2022 Door-window-stairs-floor-ceiling-sanitary-facade-landscaping system and details projects<br \/>\n\u2022 Creating technical specs<\/p>\n<p>\u2022 Accra Convention Center Project_2500 seats_11.500sqm_Ghana-08.2014<br \/>\nArser Steel Construction, Architectural Design and As-built Projects<br \/>\n\u2022 Re-designing the preliminary project and the steel construction system<br \/>\n\u2022 Re-designing 2500 seats opera hall<br \/>\n\u2022 Conference halls 250 seatsx3<br \/>\n\u2022 Meeting rooms-artist rooms-lobbies<br \/>\n\u2022 50 rooms hotel<br \/>\n\u2022 Recreation areas<br \/>\n\u2022 Technical areas<\/p>\n<p>\u2022 Sweden Bungalow Project_(25sqm x 600pcs)15.000sqm_Sweden-09.2014<br \/>\nArser Steel Construction, Architectural Concept Projects<br \/>\n\u2022 Designing 25sqm bungalows by using steel, wood and glass materials.&#8221; font_container=&#8221;tag:h3|text_align:left&#8221; google_fonts=&#8221;font_family:Roboto%3A100%2C100italic%2C300%2C300italic%2Cregular%2Citalic%2C500%2C500italic%2C700%2C700italic%2C900%2C900italic|font_style:400%20regular%3A400%3Anormal&#8221;][\/vc_column][vc_column width=&#8221;1\/3&#8243;][vc_custom_heading text=&#8221;\uf0d8 KARDEN CONSTRUCTION, \u0130stanbul-03.2012\/06.2013<\/p>\n<p>Sembol \u0130stanbul Project _ 200,000sqm<\/p>\n<p>The Project which is designed by \u00c7amo\u011flu Architects consists of reinforced concrete structured 30-40 levels; residential, office and hotel usage 3 towers, located on a retail podium. The project budget is 200 million TL.<\/p>\n<p>Project Development Speacialist<br \/>\nDesign Office Chief<br \/>\n\u2022 Re-designing the preliminary project<br \/>\n\u2022 Re-designing the project construction system<br \/>\n(r.concrete structure is converted into tunnel formwork)<br \/>\n\u2022 Working on cost-controlling<br \/>\n(As a result of studies, the total cost is reduced by around 20%)<br \/>\n\u2022 Creating the government approval project<br \/>\n\u2022 Creating construction drawings project<br \/>\n\u2022 Statical-mechanical-electrical coordination<br \/>\n\u2022 Fire-vertical\/horizontal circulation coordination<br \/>\n\u2022 Door-window-stairs-floor-ceiling-sanitary-kitchen-bathroom details projects<br \/>\n\u2022 Coordination of project visualisation \/ Designing sales booklets<br \/>\n\u2022 Work on construction quality and maximizing the customer satisfaction<\/p>\n<p>\uf0d8 RDS ENERGY-REFORM CONSTRUCTION JOINT VENTURE, \u0130stanbul-09.2010\/03.2012<\/p>\n<p>Star Towers Project_ 150,600sqm<\/p>\n<p>The Project which is designed by AE Architects consists of tunnel formwork structured 18-35 levels; residential usage 5 towers, located on a retail podium. The project budget is 150 million TL.<\/p>\n<p>Assistant Project Manager<br \/>\nDesign Office Chief<br \/>\n\u2022 Re-designing the preliminary project<br \/>\n\u2022 Re-designing the concept project of podium mass-shopping mall<br \/>\n\u2022 Creating the government approval project<br \/>\n\u2022 Creating construction drawings project<br \/>\n\u2022 Statical-mechanical-electrical coordination<br \/>\n\u2022 Fire-vertical\/horizontal circulation coordination<br \/>\n\u2022 Wall-floor-ceiling plans<br \/>\n\u2022 Door-window- stairs details<br \/>\n\u2022 Kitchen, bathroom, fixed furniture details<br \/>\n\u2022 Facade and general system section details<br \/>\n\u2022 Landscape and recreaction areas<br \/>\n\u2022 Quantity survey<br \/>\n\u2022 Creating shop drawing details by procurement office and sub-contractors<br \/>\n\u2022 Assisting Project Manager in creating tender documents<br \/>\n\u2022 Assisting Marketing Sale\u015f Director in creating title deed registries&#8221; font_container=&#8221;tag:h3|text_align:left&#8221; google_fonts=&#8221;font_family:Roboto%3A100%2C100italic%2C300%2C300italic%2Cregular%2Citalic%2C500%2C500italic%2C700%2C700italic%2C900%2C900italic|font_style:400%20regular%3A400%3Anormal&#8221;][\/vc_column][vc_column width=&#8221;1\/3&#8243;][vc_custom_heading text=&#8221;\uf0d8 DIA HOLDING FZCO, \u0130stanbul\/Baku-2007\/2010<\/p>\n<p>Baku Flame Towers Project _ 245,000sqm<\/p>\n<p>The Project which is designed by Hok Architects consists of reinforced concrete structured 32-42 levels; hotel, office and residential usage towers, located on a retail and conference center podium.The project budget is 2 billion $.<\/p>\n<p>External Cladding Coordinator<br \/>\nDesign Office Architect &#8211; \u0130stanbul<br \/>\n\u2022 Preparing 1\/200 architectural preliminary project stick to chief architect concept-renders<br \/>\n\u2022 Preparing 1\/100-50-20 construction drawings project<br \/>\n\u2022 External cladding coordination in consultation with Werner Sobek<br \/>\n\u2022 Eligibility determination of the unitized panel system for the building mass<br \/>\n\u2022 Facade types \/ glass specifications \/ facade cleaning \/ lighting \/ ventilation systems<br \/>\n\u2022 Towers flick- tail steel structure systems \/ Wind tunnel test<br \/>\n\u2022 Bill of quantities \/ Assisting procurement office<\/p>\n<p>Assistant Construction Manager<br \/>\nSite Architect &#8211; Baku<br \/>\n\u2022 Re-desiging the working systems \/ daily \/ weekly \/ monthly \/ annually planning system formats<br \/>\n\u2022 Controlling of the site team according to the daily \/ weekly \/ monthly \/ annually planning<br \/>\n\u2022 Follow-up shop drawings by design team and distrubuting to the site<br \/>\n\u2022 Controlling sub-contractors labor force activity-efficiency rating \/ quantity survey<br \/>\n\u2022 Renovating site motion plans and site fire protection \/ work safety planning<\/p>\n<p>\uf0d8 PRO-GE ARCHITECTURE, Ankara-2006\/2007<br \/>\nArchitect<br \/>\n\u2022 Trabzon Nov Hotel Project_ 200 rooms \/ 4 star Spa Design and As-built Projects Responsible<br \/>\n\u2022 Tatvan Ski Hotel Project_ 200 rooms \/ 5 star Architectural Concept Project Responsible<br \/>\n\u2022 Ck Farabi Hotel Project_ 50 rooms \/ 4 star Architectural As-built Project Responsible<br \/>\n\u2022 Ankara Swiss Hotel Project_ 150 rooms \/ 5 star Assistant of Project Responsible<br \/>\n\u2022 Ankara Rixos Hotel Project_ 180 rooms \/ 5 star Assistant of Project Responsible<\/p>\n<p>\uf0d8 AT\u00d6LYE\u20135 ARCHITECTURE, Ankara-2005\/2006<br \/>\nArchitect<br \/>\n\u2022 The Research and Development Building of the National Sportsmen Project_32,400sqm<br \/>\nArchitectural Design and Construction Drawings and Detail Projects<\/p>\n<p>\uf0d8 TEKTON\u0130KA ARCHITECTURE, Ankara-2004<br \/>\nIntern Architect<\/p>\n<p>\u2022 Konya City &#8211; Next 50 Years &#8211; Urban Planning Projects<br \/>\n\u2022 Dikmen Valley &#8211; Urban Planning Projects<\/p>\n<p>\uf0d8 BARMEK HOLDING, Ankara-2003<br \/>\nIntern Architect<\/p>\n<p>\u2022 Beysukent Angora Houses Project&#8221; font_container=&#8221;tag:h3|text_align:left&#8221; google_fonts=&#8221;font_family:Roboto%3A100%2C100italic%2C300%2C300italic%2Cregular%2Citalic%2C500%2C500italic%2C700%2C700italic%2C900%2C900italic|font_style:400%20regular%3A400%3Anormal&#8221;][\/vc_column][\/vc_row]<\/p>\n<\/div>","protected":false},"excerpt":{"rendered":"<p>[vc_row full_width=&#8221;stretch_row&#8221; css_animation=&#8221;fadeInLeft&#8221; el_id=&#8221;about&#8221; css=&#8221;.vc_custom_1618144882180{background-color: #000000 !important;}&#8221;][vc_column css_animation=&#8221;fadeInLeft&#8221; css=&#8221;.vc_custom_1618599645283{background-position: 0 0 !important;background-repeat: no-repeat !important;}&#8221;][tt_in_about_section_shortcode back_image=&#8221;2187&#8243; author=&#8221;\u0130REN EL\u00c7\u0130SOY&#8221; image=&#8221;1610&#8243; description=&#8221;Interio is a boutique Architectural and Interior Design studio that prides itself on delivering high quality unique solutions with a strong client focus. We have a wide range of expertise with a portfolio of project types such [&hellip;]<\/p>\n","protected":false},"author":1,"featured_media":0,"parent":0,"menu_order":0,"comment_status":"closed","ping_status":"closed","template":"","meta":{"footnotes":""},"class_list":["post-2423","page","type-page","status-publish","hentry"],"aioseo_notices":[],"lang":"en","translations":{"en":2423,"tr":440},"pll_sync_post":[],"_links":{"self":[{"href":"https:\/\/irenelcisoy.com.tr\/index.php\/wp-json\/wp\/v2\/pages\/2423","targetHints":{"allow":["GET"]}}],"collection":[{"href":"https:\/\/irenelcisoy.com.tr\/index.php\/wp-json\/wp\/v2\/pages"}],"about":[{"href":"https:\/\/irenelcisoy.com.tr\/index.php\/wp-json\/wp\/v2\/types\/page"}],"author":[{"embeddable":true,"href":"https:\/\/irenelcisoy.com.tr\/index.php\/wp-json\/wp\/v2\/users\/1"}],"replies":[{"embeddable":true,"href":"https:\/\/irenelcisoy.com.tr\/index.php\/wp-json\/wp\/v2\/comments?post=2423"}],"version-history":[{"count":6,"href":"https:\/\/irenelcisoy.com.tr\/index.php\/wp-json\/wp\/v2\/pages\/2423\/revisions"}],"predecessor-version":[{"id":2658,"href":"https:\/\/irenelcisoy.com.tr\/index.php\/wp-json\/wp\/v2\/pages\/2423\/revisions\/2658"}],"wp:attachment":[{"href":"https:\/\/irenelcisoy.com.tr\/index.php\/wp-json\/wp\/v2\/media?parent=2423"}],"curies":[{"name":"wp","href":"https:\/\/api.w.org\/{rel}","templated":true}]}}