{"id":1872,"date":"2021-04-16T16:46:46","date_gmt":"2021-04-16T13:46:46","guid":{"rendered":"https:\/\/irenelcisoy.com.tr\/?page_id=1872"},"modified":"2021-04-22T20:43:47","modified_gmt":"2021-04-22T17:43:47","slug":"slider1","status":"publish","type":"page","link":"https:\/\/irenelcisoy.com.tr\/index.php\/slider1\/","title":{"rendered":"\u0130ren El\u00e7isoy- slider"},"content":{"rendered":"<div class=\"wpb-content-wrapper\"><p>[vc_row][vc_column][tt_in_banner_slider_shortcode slider_type=&#8221;type_four&#8221; values=&#8221;%5B%7B%22slider_type%22%3A%22type_four%22%2C%22image%22%3A%22477%22%2C%22video_type%22%3A%22int_youtube%22%2C%22check_bg_video%22%3A%220%22%2C%22title%22%3A%22%5C%22Architecture%20is%20not%20only%20designing%20building%20forms%3B%20It%20is%20to%20design%20lives%20in%20the%20context%20of%20existing%20-%20creating&#8230;%5C%22%22%2C%22icon_stroke%22%3A%22fab%20fa-accessible-icon%22%2C%22s_letter%22%3A%22IEA%22%7D%2C%7B%22slider_type%22%3A%22type_four%22%2C%22image%22%3A%22478%22%2C%22video_type%22%3A%22int_youtube%22%2C%22check_bg_video%22%3A%220%22%2C%22title%22%3A%22multi-unit%20developments%20and%20large%22%2C%22icon_stroke%22%3A%22fab%20fa-accessible-icon%22%2C%22s_letter%22%3A%22E%22%7D%2C%7B%22slider_type%22%3A%22type_four%22%2C%22image%22%3A%22479%22%2C%22video_type%22%3A%22int_youtube%22%2C%22check_bg_video%22%3A%220%22%2C%22title%22%3A%22being%20on%20the%20design%20journey%20and%20the%20establishment%22%2C%22icon_stroke%22%3A%22fab%20fa-accessible-icon%22%2C%22s_letter%22%3A%22A%22%7D%2C%7B%22slider_type%22%3A%22type_four%22%2C%22image%22%3A%22480%22%2C%22video_type%22%3A%22int_youtube%22%2C%22check_bg_video%22%3A%220%22%2C%22title%22%3A%22iea.%20is%20a%20boutique%20architectural%20and%20interior%20design%20studio%22%2C%22icon_stroke%22%3A%22fab%20fa-accessible-icon%22%2C%22s_letter%22%3A%22.%22%7D%5D&#8221;][\/vc_column][\/vc_row][vc_row full_width=&#8221;stretch_row&#8221; css_animation=&#8221;fadeInLeft&#8221; el_id=&#8221;about&#8221; css=&#8221;.vc_custom_1618144882180{background-color: #000000 !important;}&#8221;][vc_column css_animation=&#8221;fadeInLeft&#8221;][tt_in_about_section_shortcode back_image=&#8221;1812&#8243; author=&#8221;\u0130REN EL\u00c7\u0130SOY &#8211; Architecture&#8221; image=&#8221;1610&#8243; description=&#8221;Interio is a boutique Architectural and Interior Design studio that prides itself on delivering high quality unique solutions with a strong client focus. We have a wide range of expertise with a portfolio of project types such as individual houses, community precincts, through to multi-unit developments and large scale commercial projects. No built outcome is identical; the key focus being on the design journey and the establishment of ongoing client relationships.&#8221; author_color=&#8221;#dd9933&#8243;]She graduated with a bachelor&#8217;s degree in Architecture from the Gazi University in 2005. Over the past 16 years, she has experienced designing and managing in large-scale, multi-disciplinary, high-profile national-international projects.<\/p>\n<p>In 2021 she founded \u0130ren El\u00e7isoy Architecture in Turkey. She is a member of the chamber of Architects of Ankara Office.[\/tt_in_about_section_shortcode][\/vc_column][\/vc_row][vc_row css=&#8221;.vc_custom_1618144857034{margin-right: 0px !important;margin-left: 0px !important;border-right-width: 0px !important;border-left-width: 0px !important;padding-right: 0px !important;padding-left: 0px !important;background-color: #000000 !important;}&#8221;][vc_column css=&#8221;.vc_custom_1618144914902{margin-right: 0px !important;margin-left: 0px !important;padding-top: 50px !important;background-color: #000000 !important;}&#8221;][tt_in_client_section_shortcode block_title=&#8221;Job Experience&#8221;][tt_in_client_section_content_shortcode image=&#8221;495&#8243; image_small=&#8221;1708&#8243; logo_link=&#8221;\/index.php\/job-experience&#8221;]<strong>ARCHITECTURE:<\/strong><\/p>\n<p>Surveys the contemporary condition of the built environment, showcasing a range of innovative projects and the diverse materials and unconventional forms employed in their construction.[\/tt_in_client_section_content_shortcode][tt_in_client_section_content_shortcode image=&#8221;494&#8243; image_small=&#8221;1708&#8243; logo_link=&#8221;\/index.php\/job-experience&#8221;]<strong>INTERIOR DESIGN:<\/strong><\/p>\n<p>Our team of interior designers interpret each client\u2019s passions and style to provide innovative and exquisite interiors, curating furniture, textiles, art and antiques.[\/tt_in_client_section_content_shortcode][tt_in_client_section_content_shortcode image=&#8221;493&#8243; image_small=&#8221;1708&#8243; logo_link=&#8221;\/index.php\/job-experience&#8221;]<strong>URBAN PLANNING:<\/strong><\/p>\n<p>This programme has a unique focus on urban design as a creative planning tool and the interface between urban design and city planning.[\/tt_in_client_section_content_shortcode][tt_in_client_section_content_shortcode image=&#8221;492&#8243; image_small=&#8221;1708&#8243; logo_link=&#8221;\/index.php\/job-experience&#8221;]<strong>PROJECT DEVELOPMENT:<\/strong><\/p>\n<p>Our construction practice acts for a broad range of clients \u2013 from public bodies and major developers to purchasers and contractors \u2013 and a wide variety of projects.[\/tt_in_client_section_content_shortcode][tt_in_client_section_content_shortcode image=&#8221;495&#8243; image_small=&#8221;1708&#8243; logo_link=&#8221;\/index.php\/job-experience&#8221;]<strong>CONSULTING:<\/strong><\/p>\n<p>We unlock business potential by creating strategies that drive sustainable growth.[\/tt_in_client_section_content_shortcode][tt_in_client_section_content_shortcode image=&#8221;494&#8243; image_small=&#8221;1708&#8243; logo_link=&#8221;\/index.php\/job-experience&#8221;]<strong>PROJECT MANAGEMENT:<\/strong><\/p>\n<p>Assisting clients to achieve their project goals is central to what we do. We believe spending time discussing and dealing with the \u2018what if\u2019 scenarios offers clients the knowledge they need to make key decisions.[\/tt_in_client_section_content_shortcode][\/tt_in_client_section_shortcode][\/vc_column][\/vc_row][vc_row css=&#8221;.vc_custom_1618262080579{background-color: #000000 !important;}&#8221; el_id=&#8221;services&#8221;][vc_column css=&#8221;.vc_custom_1618144955864{background-color: #000000 !important;}&#8221;][tt_in_vertical_services_shortcode block_title=&#8221;services&#8221; back_color=&#8221;#000000&#8243; values=&#8221;%5B%7B%22slide_type%22%3A%22type_two%22%2C%22serv_style%22%3A%22link%22%2C%22serv_link%22%3A%22%23services%22%2C%22title%22%3A%22ARCHITECTURE%22%2C%22image%22%3A%221938%22%7D%2C%7B%22slide_type%22%3A%22type_two%22%2C%22serv_style%22%3A%22link%22%2C%22serv_link%22%3A%22%23services%22%2C%22title%22%3A%22INTERIOR%20DESIGN%22%2C%22image%22%3A%221943%22%7D%2C%7B%22slide_type%22%3A%22type_two%22%2C%22serv_style%22%3A%22link%22%2C%22serv_link%22%3A%22%23services%22%2C%22title%22%3A%22URBAN%20PLANNING%22%2C%22image%22%3A%221935%22%7D%2C%7B%22slide_type%22%3A%22type_two%22%2C%22serv_style%22%3A%22link%22%2C%22serv_link%22%3A%22%23services%22%2C%22title%22%3A%22PROJECT%20DEVELOPMENT%22%2C%22image%22%3A%221947%22%7D%2C%7B%22slide_type%22%3A%22type_two%22%2C%22serv_style%22%3A%22link%22%2C%22serv_link%22%3A%22%23services%22%2C%22title%22%3A%22CONSULTING%22%2C%22image%22%3A%221936%22%7D%2C%7B%22slide_type%22%3A%22type_two%22%2C%22serv_style%22%3A%22link%22%2C%22serv_link%22%3A%22%23services%22%2C%22title%22%3A%22PROJECT%20MANAGEMENT%22%2C%22image%22%3A%221944%22%7D%5D&#8221;][\/tt_in_vertical_services_shortcode][\/vc_column][\/vc_row]<\/p>\n<\/div>","protected":false},"excerpt":{"rendered":"<p>[vc_row][vc_column][tt_in_banner_slider_shortcode slider_type=&#8221;type_four&#8221; values=&#8221;%5B%7B%22slider_type%22%3A%22type_four%22%2C%22image%22%3A%22477%22%2C%22video_type%22%3A%22int_youtube%22%2C%22check_bg_video%22%3A%220%22%2C%22title%22%3A%22%5C%22Architecture%20is%20not%20only%20designing%20building%20forms%3B%20It%20is%20to%20design%20lives%20in%20the%20context%20of%20existing%20-%20creating&#8230;%5C%22%22%2C%22icon_stroke%22%3A%22fab%20fa-accessible-icon%22%2C%22s_letter%22%3A%22IEA%22%7D%2C%7B%22slider_type%22%3A%22type_four%22%2C%22image%22%3A%22478%22%2C%22video_type%22%3A%22int_youtube%22%2C%22check_bg_video%22%3A%220%22%2C%22title%22%3A%22multi-unit%20developments%20and%20large%22%2C%22icon_stroke%22%3A%22fab%20fa-accessible-icon%22%2C%22s_letter%22%3A%22E%22%7D%2C%7B%22slider_type%22%3A%22type_four%22%2C%22image%22%3A%22479%22%2C%22video_type%22%3A%22int_youtube%22%2C%22check_bg_video%22%3A%220%22%2C%22title%22%3A%22being%20on%20the%20design%20journey%20and%20the%20establishment%22%2C%22icon_stroke%22%3A%22fab%20fa-accessible-icon%22%2C%22s_letter%22%3A%22A%22%7D%2C%7B%22slider_type%22%3A%22type_four%22%2C%22image%22%3A%22480%22%2C%22video_type%22%3A%22int_youtube%22%2C%22check_bg_video%22%3A%220%22%2C%22title%22%3A%22iea.%20is%20a%20boutique%20architectural%20and%20interior%20design%20studio%22%2C%22icon_stroke%22%3A%22fab%20fa-accessible-icon%22%2C%22s_letter%22%3A%22.%22%7D%5D&#8221;][\/vc_column][\/vc_row][vc_row full_width=&#8221;stretch_row&#8221; css_animation=&#8221;fadeInLeft&#8221; el_id=&#8221;about&#8221; css=&#8221;.vc_custom_1618144882180{background-color: #000000 !important;}&#8221;][vc_column css_animation=&#8221;fadeInLeft&#8221;][tt_in_about_section_shortcode back_image=&#8221;1812&#8243; author=&#8221;\u0130REN EL\u00c7\u0130SOY &#8211; Architecture&#8221; image=&#8221;1610&#8243; description=&#8221;Interio is a boutique Architectural and Interior Design studio that prides itself on delivering high quality unique solutions with a strong client focus. We have a wide range of expertise with a portfolio of project types such as individual [&hellip;]<\/p>\n","protected":false},"author":1,"featured_media":0,"parent":0,"menu_order":0,"comment_status":"closed","ping_status":"closed","template":"","meta":{"footnotes":""},"class_list":["post-1872","page","type-page","status-publish","hentry"],"aioseo_notices":[],"lang":"tr","translations":{"tr":1872},"pll_sync_post":[],"_links":{"self":[{"href":"https:\/\/irenelcisoy.com.tr\/index.php\/wp-json\/wp\/v2\/pages\/1872","targetHints":{"allow":["GET"]}}],"collection":[{"href":"https:\/\/irenelcisoy.com.tr\/index.php\/wp-json\/wp\/v2\/pages"}],"about":[{"href":"https:\/\/irenelcisoy.com.tr\/index.php\/wp-json\/wp\/v2\/types\/page"}],"author":[{"embeddable":true,"href":"https:\/\/irenelcisoy.com.tr\/index.php\/wp-json\/wp\/v2\/users\/1"}],"replies":[{"embeddable":true,"href":"https:\/\/irenelcisoy.com.tr\/index.php\/wp-json\/wp\/v2\/comments?post=1872"}],"version-history":[{"count":6,"href":"https:\/\/irenelcisoy.com.tr\/index.php\/wp-json\/wp\/v2\/pages\/1872\/revisions"}],"predecessor-version":[{"id":2042,"href":"https:\/\/irenelcisoy.com.tr\/index.php\/wp-json\/wp\/v2\/pages\/1872\/revisions\/2042"}],"wp:attachment":[{"href":"https:\/\/irenelcisoy.com.tr\/index.php\/wp-json\/wp\/v2\/media?parent=1872"}],"curies":[{"name":"wp","href":"https:\/\/api.w.org\/{rel}","templated":true}]}}