{"id":1640,"date":"2021-04-09T21:27:59","date_gmt":"2021-04-09T18:27:59","guid":{"rendered":"https:\/\/irenelcisoy.com.tr\/?page_id=1640"},"modified":"2022-05-19T14:12:56","modified_gmt":"2022-05-19T11:12:56","slug":"misyon","status":"publish","type":"page","link":"https:\/\/irenelcisoy.com.tr\/index.php\/misyon\/","title":{"rendered":"M\u0130SYON"},"content":{"rendered":"<div class=\"wpb-content-wrapper\"><p>[vc_row full_width=&#8221;stretch_row_content&#8221;][vc_column][tt_in_fh_banner_shortcode top_image=&#8221;1937&#8243; first_title=&#8221;TASARIM KR\u0130TERLER\u0130&#8221; second_title=&#8221;- M\u0130SYON&#8221; block_subtitle=&#8221;\u0130ren El\u00e7isoy Mimar&#8221;][\/vc_column][\/vc_row][vc_row][vc_column][tt_in_text_shortcode title=&#8221;TASARIM KR\u0130TERLER\u0130 &#8211; M\u0130SYON&#8221; title_color=&#8221;#ffffff&#8221; subtitle=&#8221;\u0130ren El\u00e7isoy Mimarl\u0131\u011f\u0131n bir projeyi ele al\u0131\u015f \u015fekli; t\u00fcm politik, ekonomik, k\u00fclt\u00fcrel, sosyal, teknolojik ve \u00e7evresel verileri de\u011ferlendirmek ve mimarinin ihtiya\u00e7lar\u0131n ve beklentilerin \u00f6tesine ne \u015fekilde ve hangi vizyonla ge\u00e7ebile\u011fini d\u00fc\u015f\u00fcnmek ve tasarlamakt\u0131r.&#8221; subtitle_color=&#8221;#999999&#8243; image_left=&#8221;2026&#8243; image_right=&#8221;2030&#8243; values=&#8221;%5B%7B%22b_title%22%3A%22Tasar%C4%B1m%22%2C%22b_link%22%3A%22%23%22%7D%2C%7B%22b_title%22%3A%22Bo%C5%9Fluk%20%22%2C%22b_link%22%3A%22%23%22%7D%2C%7B%22b_title%22%3A%22Doluluk%20%22%2C%22b_link%22%3A%22%23%22%7D%2C%7B%22b_title%22%3A%22Statik%20%22%2C%22b_link%22%3A%22%23%22%7D%2C%7B%22b_title%22%3A%22Dinamik%20%22%2C%22b_link%22%3A%22%23%22%7D%2C%7B%22b_title%22%3A%22Denge%20%22%2C%22b_link%22%3A%22%23%22%7D%2C%7B%22b_title%22%3A%22Ritim%20%22%2C%22b_link%22%3A%22%23%22%7D%2C%7B%22b_title%22%3A%22Oran%20%22%2C%22b_link%22%3A%22%23%22%7D%2C%7B%22b_title%22%3A%22Orant%C4%B1%20%22%2C%22b_link%22%3A%22%23%22%7D%2C%7B%22b_title%22%3A%22B%C3%BCt%C3%BCnl%C3%BCk%20%22%2C%22b_link%22%3A%22%23%22%7D%2C%7B%22b_title%22%3A%22Z%C4%B1tl%C4%B1k%20%22%2C%22b_link%22%3A%22%23%22%7D%2C%7B%22b_title%22%3A%22Uyum%20%22%2C%22b_link%22%3A%22%23%22%7D%2C%7B%22b_title%22%3A%22De%C4%9Fer%20%22%2C%22b_link%22%3A%22%23%22%7D%2C%7B%22b_title%22%3A%22%C4%B0linti%20%22%2C%22b_link%22%3A%22%23%22%7D%2C%7B%22b_title%22%3A%22Vurgu%20%22%2C%22b_link%22%3A%22%23%22%7D%2C%7B%22b_title%22%3A%22Gruplama%20%22%2C%22b_link%22%3A%22%23%22%7D%2C%7B%22b_title%22%3A%22Ba%C4%9Flant%C4%B1%20%22%2C%22b_link%22%3A%22%23%22%7D%2C%7B%22b_title%22%3A%22Sembol%20%22%2C%22b_link%22%3A%22%23%22%7D%2C%7B%22b_title%22%3A%22%C3%96l%C3%A7ek%20%22%2C%22b_link%22%3A%22%23%22%7D%2C%7B%22b_title%22%3A%22Doku%20%22%2C%22b_link%22%3A%22%23%22%7D%2C%7B%22b_title%22%3A%22Malzeme%20%22%2C%22b_link%22%3A%22%23%22%7D%2C%7B%22b_title%22%3A%22%C4%B0mge%20%22%2C%22b_link%22%3A%22%23%22%7D%2C%7B%22b_title%22%3A%22Anlam%20%22%2C%22b_link%22%3A%22%23%22%7D%2C%7B%22b_title%22%3A%22Desen%20%22%2C%22b_link%22%3A%22%23%22%7D%2C%7B%22b_title%22%3A%22Renk%20%22%2C%22b_link%22%3A%22%23%22%7D%2C%7B%22b_title%22%3A%22I%C5%9F%C4%B1k%20%22%2C%22b_link%22%3A%22%23%22%7D%2C%7B%22b_title%22%3A%22%C5%9Eekil%20%22%2C%22b_link%22%3A%22%23%22%7D%2C%7B%22b_title%22%3A%22Bi%C3%A7im%20%22%2C%22b_link%22%3A%22%23%22%7D%2C%7B%22b_title%22%3A%22Mimarl%C4%B1k%20%22%2C%22b_link%22%3A%22%23%22%7D%2C%7B%22b_title%22%3A%22%C4%B0htiya%C3%A7%20%22%2C%22b_link%22%3A%22%23%22%7D%2C%7B%22b_title%22%3A%22Ama%C3%A7%20%22%2C%22b_link%22%3A%22%23%22%7D%2C%7B%22b_title%22%3A%22%C4%B0nsan%20%22%2C%22b_link%22%3A%22%23%22%7D%2C%7B%22b_title%22%3A%22K%C3%BClt%C3%BCr%20%22%2C%22b_link%22%3A%22%23%22%7D%2C%7B%22b_title%22%3A%22Kullan%C4%B1c%C4%B1%20Gereksinimleri%20%22%2C%22b_link%22%3A%22%23%22%7D%2C%7B%22b_title%22%3A%22Hedef%20%22%2C%22b_link%22%3A%22%23%22%7D%2C%7B%22b_title%22%3A%22Toplum%20%22%2C%22b_link%22%3A%22%23%22%7D%2C%7B%22b_title%22%3A%22Sosyo-K%C3%BClt%C3%BCrel%20Ko%C5%9Fullar%20%22%2C%22b_link%22%3A%22%23%22%7D%2C%7B%22b_title%22%3A%22Sosyo-K%C3%BClt%C3%BCrel%20Gereksinimler%20%22%2C%22b_link%22%3A%22%23%22%7D%2C%7B%22b_title%22%3A%22Y%C3%B6netmelikler%20%22%2C%22b_link%22%3A%22%23%22%7D%2C%7B%22b_title%22%3A%22Standartlar%20%22%2C%22b_link%22%3A%22%23%22%7D%2C%7B%22b_title%22%3A%22Rasyonel%20%22%2C%22b_link%22%3A%22%23%22%7D%2C%7B%22b_title%22%3A%22Kurallar%20%22%2C%22b_link%22%3A%22%23%22%7D%2C%7B%22b_title%22%3A%22%C3%87evre%20%22%2C%22b_link%22%3A%22%23%22%7D%2C%7B%22b_title%22%3A%22%C3%87evresel%20Ko%C5%9Fullar%20%22%2C%22b_link%22%3A%22%23%22%7D%2C%7B%22b_title%22%3A%22Mekansal%20Gereksinimler%20%20%22%2C%22b_link%22%3A%22%23%22%7D%2C%7B%22b_title%22%3A%22%C3%87evresel%20Gereksinimler%20%22%2C%22b_link%22%3A%22%23%22%7D%2C%7B%22b_title%22%3A%22Potensiyel%20Kaynaklar%20%22%2C%22b_link%22%3A%22%23%22%7D%2C%7B%22b_title%22%3A%22D%C3%BCnya%20%22%2C%22b_link%22%3A%22%23%22%7D%2C%7B%22b_title%22%3A%22Enerji%20Gereksinimleri%20%22%2C%22b_link%22%3A%22%23%22%7D%2C%7B%22b_title%22%3A%22%C3%87evre%20%22%2C%22b_link%22%3A%22%23%22%7D%2C%7B%22b_title%22%3A%22%C3%87evresel%20Ko%C5%9Fullar%20%22%2C%22b_link%22%3A%22%23%22%7D%2C%7B%22b_title%22%3A%22Mekansal%20Gereksinimler%20%20%22%2C%22b_link%22%3A%22%23%22%7D%2C%7B%22b_title%22%3A%22%C3%87evresel%20Gereksinimler%20%22%2C%22b_link%22%3A%22%23%22%7D%2C%7B%22b_title%22%3A%22Mekansal%20Gereksinimler%20%20%22%2C%22b_link%22%3A%22%23%22%7D%2C%7B%22b_title%22%3A%22%C3%87evresel%20Gereksinimler%20%22%2C%22b_link%22%3A%22%23%22%7D%2C%7B%22b_title%22%3A%22Potensiyel%20Kaynaklar%20%22%2C%22b_link%22%3A%22%23%22%7D%2C%7B%22b_title%22%3A%22Temiz%20Enerji%20%22%2C%22b_link%22%3A%22%23%22%7D%2C%7B%22b_title%22%3A%22%C3%87evre%20Dostu%20Dizayn%20%22%2C%22b_link%22%3A%22%23%22%7D%2C%7B%22b_title%22%3A%22S%C3%BCrd%C3%BCr%C3%BClebilirlik%20%22%2C%22b_link%22%3A%22%23%22%7D%2C%7B%22b_title%22%3A%22Proje%20%22%2C%22b_link%22%3A%22%23%22%7D%2C%7B%22b_title%22%3A%22Fonksiyon%20Gereksinimleri%20%22%2C%22b_link%22%3A%22%23%22%7D%2C%7B%22b_title%22%3A%22Yap%C4%B1m%20Metodlar%C4%B1%20%22%2C%22b_link%22%3A%22%23%22%7D%2C%7B%22b_title%22%3A%22Str%C3%BCkt%C3%BCrel%20Elemanlar%22%2C%22b_link%22%3A%22%23%22%7D%2C%7B%22b_title%22%3A%22Tesisat%20%22%2C%22b_link%22%3A%22%23%22%7D%2C%7B%22b_title%22%3A%22Teknolojik%20Geli%C5%9Fmeler%20%22%2C%22b_link%22%3A%22%23%22%7D%2C%7B%22b_title%22%3A%22Maliyet%20%22%2C%22b_link%22%3A%22%23%22%7D%2C%7B%22b_title%22%3A%22Kalite%20%22%2C%22b_link%22%3A%22%23%22%7D%2C%7B%22b_title%22%3A%22Proje%20Y%C3%B6netimi%20%22%2C%22b_link%22%3A%22%23%22%7D%2C%7B%22b_title%22%3A%22Planlama%20%22%2C%22b_link%22%3A%22%23%22%7D%2C%7B%22b_title%22%3A%22Maliyet%20Kontrol%C3%BC%20%22%2C%22b_link%22%3A%22%23%22%7D%2C%7B%22b_title%22%3A%22Zamanlama%20%22%2C%22b_link%22%3A%22%23%22%7D%2C%7B%22b_title%22%3A%22Kalite%20Y%C3%B6netimi%20%22%2C%22b_link%22%3A%22%23%22%7D%2C%7B%22b_title%22%3A%22Kontrol%20%22%2C%22b_link%22%3A%22%23%22%7D%2C%7B%22b_title%22%3A%22%C4%B0%C5%9F%20G%C3%BCvenli%C4%9Fi%20%22%2C%22b_link%22%3A%22%23%22%7D%2C%7B%22b_title%22%3A%22Risk%20Y%C3%B6netimi..%22%2C%22b_link%22%3A%22%23%22%7D%5D&#8221;][\/vc_column][\/vc_row][vc_row][vc_column][vc_column_text]<\/p>\n<p>[\/vc_column_text][\/vc_column][\/vc_row]<\/p>\n<\/div>","protected":false},"excerpt":{"rendered":"<p>[vc_row full_width=&#8221;stretch_row_content&#8221;][vc_column][tt_in_fh_banner_shortcode top_image=&#8221;1937&#8243; first_title=&#8221;TASARIM KR\u0130TERLER\u0130&#8221; second_title=&#8221;- M\u0130SYON&#8221; block_subtitle=&#8221;\u0130ren El\u00e7isoy Mimar&#8221;][\/vc_column][\/vc_row][vc_row][vc_column][tt_in_text_shortcode title=&#8221;TASARIM KR\u0130TERLER\u0130 &#8211; M\u0130SYON&#8221; title_color=&#8221;#ffffff&#8221; subtitle=&#8221;\u0130ren El\u00e7isoy Mimarl\u0131\u011f\u0131n bir projeyi ele al\u0131\u015f \u015fekli; t\u00fcm politik, ekonomik, k\u00fclt\u00fcrel, sosyal, teknolojik ve \u00e7evresel verileri de\u011ferlendirmek ve mimarinin ihtiya\u00e7lar\u0131n ve beklentilerin \u00f6tesine ne \u015fekilde ve hangi vizyonla ge\u00e7ebile\u011fini d\u00fc\u015f\u00fcnmek ve tasarlamakt\u0131r.&#8221; subtitle_color=&#8221;#999999&#8243; image_left=&#8221;2026&#8243; image_right=&#8221;2030&#8243; values=&#8221;%5B%7B%22b_title%22%3A%22Tasar%C4%B1m%22%2C%22b_link%22%3A%22%23%22%7D%2C%7B%22b_title%22%3A%22Bo%C5%9Fluk%20%22%2C%22b_link%22%3A%22%23%22%7D%2C%7B%22b_title%22%3A%22Doluluk%20%22%2C%22b_link%22%3A%22%23%22%7D%2C%7B%22b_title%22%3A%22Statik%20%22%2C%22b_link%22%3A%22%23%22%7D%2C%7B%22b_title%22%3A%22Dinamik%20%22%2C%22b_link%22%3A%22%23%22%7D%2C%7B%22b_title%22%3A%22Denge%20%22%2C%22b_link%22%3A%22%23%22%7D%2C%7B%22b_title%22%3A%22Ritim%20%22%2C%22b_link%22%3A%22%23%22%7D%2C%7B%22b_title%22%3A%22Oran%20%22%2C%22b_link%22%3A%22%23%22%7D%2C%7B%22b_title%22%3A%22Orant%C4%B1%20%22%2C%22b_link%22%3A%22%23%22%7D%2C%7B%22b_title%22%3A%22B%C3%BCt%C3%BCnl%C3%BCk%20%22%2C%22b_link%22%3A%22%23%22%7D%2C%7B%22b_title%22%3A%22Z%C4%B1tl%C4%B1k%20%22%2C%22b_link%22%3A%22%23%22%7D%2C%7B%22b_title%22%3A%22Uyum%20%22%2C%22b_link%22%3A%22%23%22%7D%2C%7B%22b_title%22%3A%22De%C4%9Fer%20%22%2C%22b_link%22%3A%22%23%22%7D%2C%7B%22b_title%22%3A%22%C4%B0linti%20%22%2C%22b_link%22%3A%22%23%22%7D%2C%7B%22b_title%22%3A%22Vurgu%20%22%2C%22b_link%22%3A%22%23%22%7D%2C%7B%22b_title%22%3A%22Gruplama%20%22%2C%22b_link%22%3A%22%23%22%7D%2C%7B%22b_title%22%3A%22Ba%C4%9Flant%C4%B1%20%22%2C%22b_link%22%3A%22%23%22%7D%2C%7B%22b_title%22%3A%22Sembol%20%22%2C%22b_link%22%3A%22%23%22%7D%2C%7B%22b_title%22%3A%22%C3%96l%C3%A7ek%20%22%2C%22b_link%22%3A%22%23%22%7D%2C%7B%22b_title%22%3A%22Doku%20%22%2C%22b_link%22%3A%22%23%22%7D%2C%7B%22b_title%22%3A%22Malzeme%20%22%2C%22b_link%22%3A%22%23%22%7D%2C%7B%22b_title%22%3A%22%C4%B0mge%20%22%2C%22b_link%22%3A%22%23%22%7D%2C%7B%22b_title%22%3A%22Anlam%20%22%2C%22b_link%22%3A%22%23%22%7D%2C%7B%22b_title%22%3A%22Desen%20%22%2C%22b_link%22%3A%22%23%22%7D%2C%7B%22b_title%22%3A%22Renk%20%22%2C%22b_link%22%3A%22%23%22%7D%2C%7B%22b_title%22%3A%22I%C5%9F%C4%B1k%20%22%2C%22b_link%22%3A%22%23%22%7D%2C%7B%22b_title%22%3A%22%C5%9Eekil%20%22%2C%22b_link%22%3A%22%23%22%7D%2C%7B%22b_title%22%3A%22Bi%C3%A7im%20%22%2C%22b_link%22%3A%22%23%22%7D%2C%7B%22b_title%22%3A%22Mimarl%C4%B1k%20%22%2C%22b_link%22%3A%22%23%22%7D%2C%7B%22b_title%22%3A%22%C4%B0htiya%C3%A7%20%22%2C%22b_link%22%3A%22%23%22%7D%2C%7B%22b_title%22%3A%22Ama%C3%A7%20%22%2C%22b_link%22%3A%22%23%22%7D%2C%7B%22b_title%22%3A%22%C4%B0nsan%20%22%2C%22b_link%22%3A%22%23%22%7D%2C%7B%22b_title%22%3A%22K%C3%BClt%C3%BCr%20%22%2C%22b_link%22%3A%22%23%22%7D%2C%7B%22b_title%22%3A%22Kullan%C4%B1c%C4%B1%20Gereksinimleri%20%22%2C%22b_link%22%3A%22%23%22%7D%2C%7B%22b_title%22%3A%22Hedef%20%22%2C%22b_link%22%3A%22%23%22%7D%2C%7B%22b_title%22%3A%22Toplum%20%22%2C%22b_link%22%3A%22%23%22%7D%2C%7B%22b_title%22%3A%22Sosyo-K%C3%BClt%C3%BCrel%20Ko%C5%9Fullar%20%22%2C%22b_link%22%3A%22%23%22%7D%2C%7B%22b_title%22%3A%22Sosyo-K%C3%BClt%C3%BCrel%20Gereksinimler%20%22%2C%22b_link%22%3A%22%23%22%7D%2C%7B%22b_title%22%3A%22Y%C3%B6netmelikler%20%22%2C%22b_link%22%3A%22%23%22%7D%2C%7B%22b_title%22%3A%22Standartlar%20%22%2C%22b_link%22%3A%22%23%22%7D%2C%7B%22b_title%22%3A%22Rasyonel%20%22%2C%22b_link%22%3A%22%23%22%7D%2C%7B%22b_title%22%3A%22Kurallar%20%22%2C%22b_link%22%3A%22%23%22%7D%2C%7B%22b_title%22%3A%22%C3%87evre%20%22%2C%22b_link%22%3A%22%23%22%7D%2C%7B%22b_title%22%3A%22%C3%87evresel%20Ko%C5%9Fullar%20%22%2C%22b_link%22%3A%22%23%22%7D%2C%7B%22b_title%22%3A%22Mekansal%20Gereksinimler%20%20%22%2C%22b_link%22%3A%22%23%22%7D%2C%7B%22b_title%22%3A%22%C3%87evresel%20Gereksinimler%20%22%2C%22b_link%22%3A%22%23%22%7D%2C%7B%22b_title%22%3A%22Potensiyel%20Kaynaklar%20%22%2C%22b_link%22%3A%22%23%22%7D%2C%7B%22b_title%22%3A%22D%C3%BCnya%20%22%2C%22b_link%22%3A%22%23%22%7D%2C%7B%22b_title%22%3A%22Enerji%20Gereksinimleri%20%22%2C%22b_link%22%3A%22%23%22%7D%2C%7B%22b_title%22%3A%22%C3%87evre%20%22%2C%22b_link%22%3A%22%23%22%7D%2C%7B%22b_title%22%3A%22%C3%87evresel%20Ko%C5%9Fullar%20%22%2C%22b_link%22%3A%22%23%22%7D%2C%7B%22b_title%22%3A%22Mekansal%20Gereksinimler%20%20%22%2C%22b_link%22%3A%22%23%22%7D%2C%7B%22b_title%22%3A%22%C3%87evresel%20Gereksinimler%20%22%2C%22b_link%22%3A%22%23%22%7D%2C%7B%22b_title%22%3A%22Mekansal%20Gereksinimler%20%20%22%2C%22b_link%22%3A%22%23%22%7D%2C%7B%22b_title%22%3A%22%C3%87evresel%20Gereksinimler%20%22%2C%22b_link%22%3A%22%23%22%7D%2C%7B%22b_title%22%3A%22Potensiyel%20Kaynaklar%20%22%2C%22b_link%22%3A%22%23%22%7D%2C%7B%22b_title%22%3A%22Temiz%20Enerji%20%22%2C%22b_link%22%3A%22%23%22%7D%2C%7B%22b_title%22%3A%22%C3%87evre%20Dostu%20Dizayn%20%22%2C%22b_link%22%3A%22%23%22%7D%2C%7B%22b_title%22%3A%22S%C3%BCrd%C3%BCr%C3%BClebilirlik%20%22%2C%22b_link%22%3A%22%23%22%7D%2C%7B%22b_title%22%3A%22Proje%20%22%2C%22b_link%22%3A%22%23%22%7D%2C%7B%22b_title%22%3A%22Fonksiyon%20Gereksinimleri%20%22%2C%22b_link%22%3A%22%23%22%7D%2C%7B%22b_title%22%3A%22Yap%C4%B1m%20Metodlar%C4%B1%20%22%2C%22b_link%22%3A%22%23%22%7D%2C%7B%22b_title%22%3A%22Str%C3%BCkt%C3%BCrel%20Elemanlar%22%2C%22b_link%22%3A%22%23%22%7D%2C%7B%22b_title%22%3A%22Tesisat%20%22%2C%22b_link%22%3A%22%23%22%7D%2C%7B%22b_title%22%3A%22Teknolojik%20Geli%C5%9Fmeler%20%22%2C%22b_link%22%3A%22%23%22%7D%2C%7B%22b_title%22%3A%22Maliyet%20%22%2C%22b_link%22%3A%22%23%22%7D%2C%7B%22b_title%22%3A%22Kalite%20%22%2C%22b_link%22%3A%22%23%22%7D%2C%7B%22b_title%22%3A%22Proje%20Y%C3%B6netimi%20%22%2C%22b_link%22%3A%22%23%22%7D%2C%7B%22b_title%22%3A%22Planlama%20%22%2C%22b_link%22%3A%22%23%22%7D%2C%7B%22b_title%22%3A%22Maliyet%20Kontrol%C3%BC%20%22%2C%22b_link%22%3A%22%23%22%7D%2C%7B%22b_title%22%3A%22Zamanlama%20%22%2C%22b_link%22%3A%22%23%22%7D%2C%7B%22b_title%22%3A%22Kalite%20Y%C3%B6netimi%20%22%2C%22b_link%22%3A%22%23%22%7D%2C%7B%22b_title%22%3A%22Kontrol%20%22%2C%22b_link%22%3A%22%23%22%7D%2C%7B%22b_title%22%3A%22%C4%B0%C5%9F%20G%C3%BCvenli%C4%9Fi%20%22%2C%22b_link%22%3A%22%23%22%7D%2C%7B%22b_title%22%3A%22Risk%20Y%C3%B6netimi..%22%2C%22b_link%22%3A%22%23%22%7D%5D&#8221;][\/vc_column][\/vc_row][vc_row][vc_column][vc_column_text] [\/vc_column_text][\/vc_column][\/vc_row]<\/p>\n","protected":false},"author":1,"featured_media":0,"parent":0,"menu_order":0,"comment_status":"closed","ping_status":"closed","template":"","meta":{"footnotes":""},"class_list":["post-1640","page","type-page","status-publish","hentry"],"aioseo_notices":[],"lang":"tr","translations":{"tr":1640,"en":2418},"pll_sync_post":[],"_links":{"self":[{"href":"https:\/\/irenelcisoy.com.tr\/index.php\/wp-json\/wp\/v2\/pages\/1640","targetHints":{"allow":["GET"]}}],"collection":[{"href":"https:\/\/irenelcisoy.com.tr\/index.php\/wp-json\/wp\/v2\/pages"}],"about":[{"href":"https:\/\/irenelcisoy.com.tr\/index.php\/wp-json\/wp\/v2\/types\/page"}],"author":[{"embeddable":true,"href":"https:\/\/irenelcisoy.com.tr\/index.php\/wp-json\/wp\/v2\/users\/1"}],"replies":[{"embeddable":true,"href":"https:\/\/irenelcisoy.com.tr\/index.php\/wp-json\/wp\/v2\/comments?post=1640"}],"version-history":[{"count":57,"href":"https:\/\/irenelcisoy.com.tr\/index.php\/wp-json\/wp\/v2\/pages\/1640\/revisions"}],"predecessor-version":[{"id":2659,"href":"https:\/\/irenelcisoy.com.tr\/index.php\/wp-json\/wp\/v2\/pages\/1640\/revisions\/2659"}],"wp:attachment":[{"href":"https:\/\/irenelcisoy.com.tr\/index.php\/wp-json\/wp\/v2\/media?parent=1640"}],"curies":[{"name":"wp","href":"https:\/\/api.w.org\/{rel}","templated":true}]}}